{"id":6141,"date":"2026-04-17T10:28:38","date_gmt":"2026-04-17T09:28:38","guid":{"rendered":"https:\/\/neuero.se\/?post_type=product&#038;p=6141"},"modified":"2026-04-17T10:29:46","modified_gmt":"2026-04-17T09:29:46","slug":"inlagg-till-flakthus-tornado","status":"publish","type":"product","link":"https:\/\/neuero.se\/fi\/tuote\/inlagg-till-flakthus-tornado\/","title":{"rendered":"Inl\u00e4gg till Fl\u00e4kthus, Tornado"},"content":{"rendered":"<p>Byt ut ditt fl\u00e4kthusinl\u00e4gg f\u00f6r att h\u00e5lla din t\u00f6mningsfl\u00e4kt i gott skick och redo f\u00f6r s\u00e4songen!<\/p>\n<p>Observera att vagnsbult och muttrar ej \u00e4r medr\u00e4knade i priset. Dessa tillkommer f\u00f6r samtliga inl\u00e4gg.<\/p>\n","protected":false},"excerpt":{"rendered":"<p>Byt ut ditt fl\u00e4kthusinl\u00e4gg f\u00f6r att h\u00e5lla din t\u00f6mningsfl\u00e4kt i gott skick och redo f\u00f6r s\u00e4songen! Observera att vagnsbult och muttrar ej \u00e4r medr\u00e4knade i priset. Dessa tillkommer f\u00f6r samtliga &#8230;<\/p>\n","protected":false},"featured_media":848,"template":"","meta":{"_acf_changed":false},"product_brand":[172],"product_cat":[37,36,28],"product_tag":[],"class_list":{"0":"post-6141","1":"product","2":"type-product","3":"status-publish","4":"has-post-thumbnail","6":"product_brand-neuero-farm-und-fordertechnik","7":"product_cat-delar-till-uttagsflaktar","8":"product_cat-flaktar","9":"product_cat-neuero-ensilage-utr","11":"first","12":"instock","13":"taxable","14":"shipping-taxable","15":"product-type-grouped"},"acf":[],"_links":{"self":[{"href":"https:\/\/neuero.se\/fi\/wp-json\/wp\/v2\/product\/6141","targetHints":{"allow":["GET"]}}],"collection":[{"href":"https:\/\/neuero.se\/fi\/wp-json\/wp\/v2\/product"}],"about":[{"href":"https:\/\/neuero.se\/fi\/wp-json\/wp\/v2\/types\/product"}],"wp:featuredmedia":[{"embeddable":true,"href":"https:\/\/neuero.se\/fi\/wp-json\/wp\/v2\/media\/848"}],"wp:attachment":[{"href":"https:\/\/neuero.se\/fi\/wp-json\/wp\/v2\/media?parent=6141"}],"wp:term":[{"taxonomy":"product_brand","embeddable":true,"href":"https:\/\/neuero.se\/fi\/wp-json\/wp\/v2\/product_brand?post=6141"},{"taxonomy":"product_cat","embeddable":true,"href":"https:\/\/neuero.se\/fi\/wp-json\/wp\/v2\/product_cat?post=6141"},{"taxonomy":"product_tag","embeddable":true,"href":"https:\/\/neuero.se\/fi\/wp-json\/wp\/v2\/product_tag?post=6141"}],"curies":[{"name":"wp","href":"https:\/\/api.w.org\/{rel}","templated":true}]}}