{"id":6094,"date":"2026-03-18T10:20:15","date_gmt":"2026-03-18T09:20:15","guid":{"rendered":"https:\/\/neuero.se\/?post_type=product&#038;p=6094"},"modified":"2026-04-28T12:28:06","modified_gmt":"2026-04-28T11:28:06","slug":"luckram-tsd-fzv","status":"publish","type":"product","link":"https:\/\/neuero.se\/fi\/tuote\/luckram-tsd-fzv\/","title":{"rendered":"Luckram TSD fzv"},"content":{"rendered":"<p>Med G\u00e5ngj\u00e4rn och sprintar.<\/p>\n<p>Stege, f\u00f6rst\u00e4rkningsram, luckl\u00e5s, silobult, etc. k\u00f6pes separat.<\/p>\n","protected":false},"excerpt":{"rendered":"<p>Med G\u00e5ngj\u00e4rn och sprintar. Stege, f\u00f6rst\u00e4rkningsram, luckl\u00e5s, silobult, etc. k\u00f6pes separat.<\/p>\n","protected":false},"featured_media":6097,"template":"","meta":{"_acf_changed":false},"product_brand":[485],"product_cat":[48,69],"product_tag":[],"class_list":{"0":"post-6094","1":"product","2":"type-product","3":"status-publish","4":"has-post-thumbnail","6":"product_brand-permastore-tanks-silos","7":"product_cat-silodelar","8":"product_cat-permastore-silo-tankar","10":"first","11":"instock","12":"taxable","13":"shipping-taxable","14":"purchasable","15":"product-type-simple"},"acf":[],"_links":{"self":[{"href":"https:\/\/neuero.se\/fi\/wp-json\/wp\/v2\/product\/6094","targetHints":{"allow":["GET"]}}],"collection":[{"href":"https:\/\/neuero.se\/fi\/wp-json\/wp\/v2\/product"}],"about":[{"href":"https:\/\/neuero.se\/fi\/wp-json\/wp\/v2\/types\/product"}],"wp:featuredmedia":[{"embeddable":true,"href":"https:\/\/neuero.se\/fi\/wp-json\/wp\/v2\/media\/6097"}],"wp:attachment":[{"href":"https:\/\/neuero.se\/fi\/wp-json\/wp\/v2\/media?parent=6094"}],"wp:term":[{"taxonomy":"product_brand","embeddable":true,"href":"https:\/\/neuero.se\/fi\/wp-json\/wp\/v2\/product_brand?post=6094"},{"taxonomy":"product_cat","embeddable":true,"href":"https:\/\/neuero.se\/fi\/wp-json\/wp\/v2\/product_cat?post=6094"},{"taxonomy":"product_tag","embeddable":true,"href":"https:\/\/neuero.se\/fi\/wp-json\/wp\/v2\/product_tag?post=6094"}],"curies":[{"name":"wp","href":"https:\/\/api.w.org\/{rel}","templated":true}]}}