{"id":6090,"date":"2026-03-16T10:00:23","date_gmt":"2026-03-16T09:00:23","guid":{"rendered":"https:\/\/neuero.se\/?post_type=product&#038;p=6090"},"modified":"2026-04-28T12:28:06","modified_gmt":"2026-04-28T11:28:06","slug":"lucktatning-12-mm","status":"publish","type":"product","link":"https:\/\/neuero.se\/fi\/tuote\/lucktatning-12-mm\/","title":{"rendered":"Luckt\u00e4tning 12 mm"},"content":{"rendered":"<p>L\u00e4ckage fr\u00e5n silon? Har ensilaget blivit d\u00e5ligt runt luckorna? D\u00e5 beh\u00f6ver du byta luckt\u00e4tning p\u00e5 din silo s\u00e5 inte syre kan ta sig in och f\u00f6rst\u00f6ra ensilaget.<\/p>\n","protected":false},"excerpt":{"rendered":"<p>L\u00e4ckage fr\u00e5n silon? Har ensilaget blivit d\u00e5ligt runt luckorna? D\u00e5 beh\u00f6ver du byta luckt\u00e4tning p\u00e5 din silo s\u00e5 inte syre kan ta sig in och f\u00f6rst\u00f6ra ensilaget.<\/p>\n","protected":false},"featured_media":6103,"template":"","meta":{"_acf_changed":false},"product_brand":[485],"product_cat":[48,69],"product_tag":[],"class_list":{"0":"post-6090","1":"product","2":"type-product","3":"status-publish","4":"has-post-thumbnail","6":"product_brand-permastore-tanks-silos","7":"product_cat-silodelar","8":"product_cat-permastore-silo-tankar","10":"first","11":"instock","12":"taxable","13":"shipping-taxable","14":"purchasable","15":"product-type-simple"},"acf":[],"_links":{"self":[{"href":"https:\/\/neuero.se\/fi\/wp-json\/wp\/v2\/product\/6090","targetHints":{"allow":["GET"]}}],"collection":[{"href":"https:\/\/neuero.se\/fi\/wp-json\/wp\/v2\/product"}],"about":[{"href":"https:\/\/neuero.se\/fi\/wp-json\/wp\/v2\/types\/product"}],"wp:featuredmedia":[{"embeddable":true,"href":"https:\/\/neuero.se\/fi\/wp-json\/wp\/v2\/media\/6103"}],"wp:attachment":[{"href":"https:\/\/neuero.se\/fi\/wp-json\/wp\/v2\/media?parent=6090"}],"wp:term":[{"taxonomy":"product_brand","embeddable":true,"href":"https:\/\/neuero.se\/fi\/wp-json\/wp\/v2\/product_brand?post=6090"},{"taxonomy":"product_cat","embeddable":true,"href":"https:\/\/neuero.se\/fi\/wp-json\/wp\/v2\/product_cat?post=6090"},{"taxonomy":"product_tag","embeddable":true,"href":"https:\/\/neuero.se\/fi\/wp-json\/wp\/v2\/product_tag?post=6090"}],"curies":[{"name":"wp","href":"https:\/\/api.w.org\/{rel}","templated":true}]}}