{"id":6082,"date":"2026-03-13T10:35:10","date_gmt":"2026-03-13T09:35:10","guid":{"rendered":"https:\/\/neuero.se\/?post_type=product&#038;p=6082"},"modified":"2026-04-24T14:18:06","modified_gmt":"2026-04-24T13:18:06","slug":"montageskruv-for-sall","status":"publish","type":"product","link":"https:\/\/neuero.se\/fi\/tuote\/montageskruv-for-sall\/","title":{"rendered":"Montageskruv f\u00f6r S\u00e5ll"},"content":{"rendered":"<p>\u00c5tg\u00e5r 4 st satser\/kvarn<\/p>\n","protected":false},"excerpt":{"rendered":"<p>\u00c5tg\u00e5r 4 st satser\/kvarn<\/p>\n","protected":false},"featured_media":6086,"template":"","meta":{"_acf_changed":false},"product_brand":[172],"product_cat":[83],"product_tag":[],"class_list":{"0":"post-6082","1":"product","2":"type-product","3":"status-publish","4":"has-post-thumbnail","6":"product_brand-neuero-farm-und-fordertechnik","7":"product_cat-delar-for-kvarnar","9":"first","10":"outofstock","11":"taxable","12":"shipping-taxable","13":"purchasable","14":"product-type-simple"},"acf":[],"_links":{"self":[{"href":"https:\/\/neuero.se\/fi\/wp-json\/wp\/v2\/product\/6082","targetHints":{"allow":["GET"]}}],"collection":[{"href":"https:\/\/neuero.se\/fi\/wp-json\/wp\/v2\/product"}],"about":[{"href":"https:\/\/neuero.se\/fi\/wp-json\/wp\/v2\/types\/product"}],"wp:featuredmedia":[{"embeddable":true,"href":"https:\/\/neuero.se\/fi\/wp-json\/wp\/v2\/media\/6086"}],"wp:attachment":[{"href":"https:\/\/neuero.se\/fi\/wp-json\/wp\/v2\/media?parent=6082"}],"wp:term":[{"taxonomy":"product_brand","embeddable":true,"href":"https:\/\/neuero.se\/fi\/wp-json\/wp\/v2\/product_brand?post=6082"},{"taxonomy":"product_cat","embeddable":true,"href":"https:\/\/neuero.se\/fi\/wp-json\/wp\/v2\/product_cat?post=6082"},{"taxonomy":"product_tag","embeddable":true,"href":"https:\/\/neuero.se\/fi\/wp-json\/wp\/v2\/product_tag?post=6082"}],"curies":[{"name":"wp","href":"https:\/\/api.w.org\/{rel}","templated":true}]}}