{"id":6081,"date":"2026-03-13T10:35:10","date_gmt":"2026-03-13T09:35:10","guid":{"rendered":"https:\/\/neuero.se\/?post_type=product&#038;p=6081"},"modified":"2026-04-07T13:33:07","modified_gmt":"2026-04-07T12:33:07","slug":"sall-2-mm-for-rvo350-850","status":"publish","type":"product","link":"https:\/\/neuero.se\/fi\/tuote\/sall-2-mm-for-rvo350-850\/","title":{"rendered":"S\u00e5ll 2 mm f\u00f6r RVO 350-850"},"content":{"rendered":"<p>Tr\u00e5ds\u00e5ll passande RVO 350-850.<\/p>\n<p>\u00c5tg\u00e5r 3 st\/kvarn<\/p>\n<p>F\u00e4stdelar k\u00f6pes separat<\/p>\n","protected":false},"excerpt":{"rendered":"<p>Tr\u00e5ds\u00e5ll passande RVO 350-850. \u00c5tg\u00e5r 3 st\/kvarn F\u00e4stdelar k\u00f6pes separat<\/p>\n","protected":false},"featured_media":6084,"template":"","meta":{"_acf_changed":false},"product_brand":[172],"product_cat":[83],"product_tag":[],"class_list":{"0":"post-6081","1":"product","2":"type-product","3":"status-publish","4":"has-post-thumbnail","6":"product_brand-neuero-farm-und-fordertechnik","7":"product_cat-delar-for-kvarnar","9":"first","10":"outofstock","11":"taxable","12":"shipping-taxable","13":"purchasable","14":"product-type-simple"},"acf":[],"_links":{"self":[{"href":"https:\/\/neuero.se\/fi\/wp-json\/wp\/v2\/product\/6081","targetHints":{"allow":["GET"]}}],"collection":[{"href":"https:\/\/neuero.se\/fi\/wp-json\/wp\/v2\/product"}],"about":[{"href":"https:\/\/neuero.se\/fi\/wp-json\/wp\/v2\/types\/product"}],"wp:featuredmedia":[{"embeddable":true,"href":"https:\/\/neuero.se\/fi\/wp-json\/wp\/v2\/media\/6084"}],"wp:attachment":[{"href":"https:\/\/neuero.se\/fi\/wp-json\/wp\/v2\/media?parent=6081"}],"wp:term":[{"taxonomy":"product_brand","embeddable":true,"href":"https:\/\/neuero.se\/fi\/wp-json\/wp\/v2\/product_brand?post=6081"},{"taxonomy":"product_cat","embeddable":true,"href":"https:\/\/neuero.se\/fi\/wp-json\/wp\/v2\/product_cat?post=6081"},{"taxonomy":"product_tag","embeddable":true,"href":"https:\/\/neuero.se\/fi\/wp-json\/wp\/v2\/product_tag?post=6081"}],"curies":[{"name":"wp","href":"https:\/\/api.w.org\/{rel}","templated":true}]}}