{"id":6075,"date":"2026-03-13T10:19:57","date_gmt":"2026-03-13T09:19:57","guid":{"rendered":"https:\/\/neuero.se\/?post_type=product&#038;p=6075"},"modified":"2026-03-13T10:23:20","modified_gmt":"2026-03-13T09:23:20","slug":"permastore-tatmassa","status":"publish","type":"product","link":"https:\/\/neuero.se\/fi\/tuote\/permastore-tatmassa\/","title":{"rendered":"Permastore T\u00e4tmassa"},"content":{"rendered":"<p>Sikakorvar f\u00f6r t\u00e4tning av GtFS-silos fr\u00e5n Permastore.<\/p>\n<p>Finns i svart och gr\u00e5tt.<\/p>\n","protected":false},"excerpt":{"rendered":"<p>Sikakorvar f\u00f6r t\u00e4tning av GtFS-silos fr\u00e5n Permastore. Finns i svart och gr\u00e5tt.<\/p>\n","protected":false},"featured_media":468,"template":"","meta":{"_acf_changed":false},"product_brand":[480],"product_cat":[48,38],"product_tag":[],"class_list":{"0":"post-6075","1":"product","2":"type-product","3":"status-publish","4":"has-post-thumbnail","6":"product_brand-sika","7":"product_cat-silodelar","8":"product_cat-ovriga-produkter","10":"first","11":"instock","12":"taxable","13":"shipping-taxable","14":"product-type-grouped"},"acf":[],"_links":{"self":[{"href":"https:\/\/neuero.se\/fi\/wp-json\/wp\/v2\/product\/6075","targetHints":{"allow":["GET"]}}],"collection":[{"href":"https:\/\/neuero.se\/fi\/wp-json\/wp\/v2\/product"}],"about":[{"href":"https:\/\/neuero.se\/fi\/wp-json\/wp\/v2\/types\/product"}],"wp:featuredmedia":[{"embeddable":true,"href":"https:\/\/neuero.se\/fi\/wp-json\/wp\/v2\/media\/468"}],"wp:attachment":[{"href":"https:\/\/neuero.se\/fi\/wp-json\/wp\/v2\/media?parent=6075"}],"wp:term":[{"taxonomy":"product_brand","embeddable":true,"href":"https:\/\/neuero.se\/fi\/wp-json\/wp\/v2\/product_brand?post=6075"},{"taxonomy":"product_cat","embeddable":true,"href":"https:\/\/neuero.se\/fi\/wp-json\/wp\/v2\/product_cat?post=6075"},{"taxonomy":"product_tag","embeddable":true,"href":"https:\/\/neuero.se\/fi\/wp-json\/wp\/v2\/product_tag?post=6075"}],"curies":[{"name":"wp","href":"https:\/\/api.w.org\/{rel}","templated":true}]}}