{"id":6068,"date":"2026-03-13T09:10:59","date_gmt":"2026-03-13T08:10:59","guid":{"rendered":"https:\/\/neuero.se\/?post_type=product&#038;p=6068"},"modified":"2026-03-30T12:15:49","modified_gmt":"2026-03-30T11:15:49","slug":"frashjulskit-med-frashjul-och-ben","status":"publish","type":"product","link":"https:\/\/neuero.se\/fi\/tuote\/frashjulskit-med-frashjul-och-ben\/","title":{"rendered":"Fr\u00e4shjulskit (Med Fr\u00e4shjul och Ben)"},"content":{"rendered":"<p>Komplett fr\u00e4shjulskit med allt du beh\u00f6ver f\u00f6r att komplettera ett extra fr\u00e4shjul.<\/p>\n<p>I detta kit ing\u00e5r:<\/p>\n<ul>\n<li>Fr\u00e4shjul. Vanligt<\/li>\n<li>Justerbara fr\u00e4shjulsben med f\u00e4stplatta och bult<\/li>\n<li>F\u00e4stmateriel f\u00f6r fr\u00e4shjulet<\/li>\n<\/ul>\n","protected":false},"excerpt":{"rendered":"<p>Komplett fr\u00e4shjulskit med allt du beh\u00f6ver f\u00f6r att komplettera ett extra fr\u00e4shjul. I detta kit ing\u00e5r: Fr\u00e4shjul. Vanligt Justerbara fr\u00e4shjulsben med f\u00e4stplatta och bult F\u00e4stmateriel f\u00f6r fr\u00e4shjulet<\/p>\n","protected":false},"featured_media":6064,"template":"","meta":{"_acf_changed":false},"product_brand":[172],"product_cat":[29,30,31,28,72],"product_tag":[],"class_list":{"0":"post-6068","1":"product","2":"type-product","3":"status-publish","4":"has-post-thumbnail","6":"product_brand-neuero-farm-und-fordertechnik","7":"product_cat-fylltommare","8":"product_cat-delar-till-as-fylltommare","9":"product_cat-delar-till-nas-fylltommare","10":"product_cat-neuero-ensilage-utr","11":"product_cat-kits","13":"first","14":"instock","15":"taxable","16":"shipping-taxable","17":"purchasable","18":"product-type-simple"},"acf":[],"_links":{"self":[{"href":"https:\/\/neuero.se\/fi\/wp-json\/wp\/v2\/product\/6068","targetHints":{"allow":["GET"]}}],"collection":[{"href":"https:\/\/neuero.se\/fi\/wp-json\/wp\/v2\/product"}],"about":[{"href":"https:\/\/neuero.se\/fi\/wp-json\/wp\/v2\/types\/product"}],"wp:featuredmedia":[{"embeddable":true,"href":"https:\/\/neuero.se\/fi\/wp-json\/wp\/v2\/media\/6064"}],"wp:attachment":[{"href":"https:\/\/neuero.se\/fi\/wp-json\/wp\/v2\/media?parent=6068"}],"wp:term":[{"taxonomy":"product_brand","embeddable":true,"href":"https:\/\/neuero.se\/fi\/wp-json\/wp\/v2\/product_brand?post=6068"},{"taxonomy":"product_cat","embeddable":true,"href":"https:\/\/neuero.se\/fi\/wp-json\/wp\/v2\/product_cat?post=6068"},{"taxonomy":"product_tag","embeddable":true,"href":"https:\/\/neuero.se\/fi\/wp-json\/wp\/v2\/product_tag?post=6068"}],"curies":[{"name":"wp","href":"https:\/\/api.w.org\/{rel}","templated":true}]}}