{"id":6062,"date":"2026-03-13T09:00:14","date_gmt":"2026-03-13T08:00:14","guid":{"rendered":"https:\/\/neuero.se\/?post_type=product&#038;p=6062"},"modified":"2026-03-13T09:06:45","modified_gmt":"2026-03-13T08:06:45","slug":"frashjulskit-utan-frashjul","status":"publish","type":"product","link":"https:\/\/neuero.se\/fi\/tuote\/frashjulskit-utan-frashjul\/","title":{"rendered":"Fr\u00e4shjulskit (Utan fr\u00e4shjul)"},"content":{"rendered":"<p>Har fyllt\u00f6mmarens fr\u00e4shjul b\u00f6rjat glappa p\u00e5 axeln? D\u00e5 \u00e4r du i behov att byta byssningar och brickor.<\/p>\n<p>Vi har d\u00e4rf\u00f6r tagit fram detta kit s\u00e5 fr\u00e4shjulen blir som nya igen.<\/p>\n<p>Beh\u00f6ver du nya fr\u00e4shjul ocks\u00e5? Vi har ett komplett kit d\u00e4r fr\u00e4shjul och ben ing\u00e5r.<\/p>\n","protected":false},"excerpt":{"rendered":"<p>Har fyllt\u00f6mmarens fr\u00e4shjul b\u00f6rjat glappa p\u00e5 axeln? D\u00e5 \u00e4r du i behov att byta byssningar och brickor. Vi har d\u00e4rf\u00f6r tagit fram detta kit s\u00e5 fr\u00e4shjulen blir som nya igen. &#8230;<\/p>\n","protected":false},"featured_media":6066,"template":"","meta":{"_acf_changed":false},"product_brand":[172],"product_cat":[29,30,31,28,72],"product_tag":[],"class_list":{"0":"post-6062","1":"product","2":"type-product","3":"status-publish","4":"has-post-thumbnail","6":"product_brand-neuero-farm-und-fordertechnik","7":"product_cat-fylltommare","8":"product_cat-delar-till-as-fylltommare","9":"product_cat-delar-till-nas-fylltommare","10":"product_cat-neuero-ensilage-utr","11":"product_cat-kits","13":"first","14":"instock","15":"taxable","16":"shipping-taxable","17":"purchasable","18":"product-type-simple"},"acf":[],"_links":{"self":[{"href":"https:\/\/neuero.se\/fi\/wp-json\/wp\/v2\/product\/6062","targetHints":{"allow":["GET"]}}],"collection":[{"href":"https:\/\/neuero.se\/fi\/wp-json\/wp\/v2\/product"}],"about":[{"href":"https:\/\/neuero.se\/fi\/wp-json\/wp\/v2\/types\/product"}],"wp:featuredmedia":[{"embeddable":true,"href":"https:\/\/neuero.se\/fi\/wp-json\/wp\/v2\/media\/6066"}],"wp:attachment":[{"href":"https:\/\/neuero.se\/fi\/wp-json\/wp\/v2\/media?parent=6062"}],"wp:term":[{"taxonomy":"product_brand","embeddable":true,"href":"https:\/\/neuero.se\/fi\/wp-json\/wp\/v2\/product_brand?post=6062"},{"taxonomy":"product_cat","embeddable":true,"href":"https:\/\/neuero.se\/fi\/wp-json\/wp\/v2\/product_cat?post=6062"},{"taxonomy":"product_tag","embeddable":true,"href":"https:\/\/neuero.se\/fi\/wp-json\/wp\/v2\/product_tag?post=6062"}],"curies":[{"name":"wp","href":"https:\/\/api.w.org\/{rel}","templated":true}]}}