{"id":6035,"date":"2026-03-12T08:18:46","date_gmt":"2026-03-12T07:18:46","guid":{"rendered":"https:\/\/neuero.se\/?post_type=product&#038;p=6035"},"modified":"2026-03-12T10:09:52","modified_gmt":"2026-03-12T09:09:52","slug":"servicepaket-till-neuro-nas","status":"publish","type":"product","link":"https:\/\/neuero.se\/fi\/tuote\/servicepaket-till-neuro-nas\/","title":{"rendered":"Servicepaket till NEURO NAS"},"content":{"rendered":"<p>Beh\u00f6ver din fyllt\u00f6mmare k\u00e4rlek? Vi har tagit fram ett fantastiskt servicekit till din fyllt\u00f6mmare.<\/p>\n<p>I satsen ing\u00e5r det du beh\u00f6ver f\u00f6r att din NAS skall klara av m\u00e5nga \u00e5r fram\u00f6ver.<\/p>\n<p>I satsen ing\u00e5r:<br \/>\n3 st Boggiesatser<br \/>\n3 st fj\u00e4drar<br \/>\n9 st st\u00e5llinekl\u00e4mmor<br \/>\n39 m st\u00e5llina i rostfritt st\u00e5l<br \/>\n1 st rullkedja med l\u00e5s<br \/>\n1 st kedjehjul<\/p>\n","protected":false},"excerpt":{"rendered":"<p>Beh\u00f6ver din fyllt\u00f6mmare k\u00e4rlek? Vi har tagit fram ett fantastiskt servicekit till din fyllt\u00f6mmare. I satsen ing\u00e5r det du beh\u00f6ver f\u00f6r att din NAS skall klara av m\u00e5nga \u00e5r fram\u00f6ver. &#8230;<\/p>\n","protected":false},"featured_media":4715,"template":"","meta":{"_acf_changed":false},"product_brand":[172],"product_cat":[31,28],"product_tag":[],"class_list":{"0":"post-6035","1":"product","2":"type-product","3":"status-publish","4":"has-post-thumbnail","6":"product_brand-neuero-farm-und-fordertechnik","7":"product_cat-delar-till-nas-fylltommare","8":"product_cat-neuero-ensilage-utr","10":"first","11":"instock","12":"taxable","13":"shipping-taxable","14":"purchasable","15":"product-type-simple"},"acf":[],"_links":{"self":[{"href":"https:\/\/neuero.se\/fi\/wp-json\/wp\/v2\/product\/6035","targetHints":{"allow":["GET"]}}],"collection":[{"href":"https:\/\/neuero.se\/fi\/wp-json\/wp\/v2\/product"}],"about":[{"href":"https:\/\/neuero.se\/fi\/wp-json\/wp\/v2\/types\/product"}],"wp:featuredmedia":[{"embeddable":true,"href":"https:\/\/neuero.se\/fi\/wp-json\/wp\/v2\/media\/4715"}],"wp:attachment":[{"href":"https:\/\/neuero.se\/fi\/wp-json\/wp\/v2\/media?parent=6035"}],"wp:term":[{"taxonomy":"product_brand","embeddable":true,"href":"https:\/\/neuero.se\/fi\/wp-json\/wp\/v2\/product_brand?post=6035"},{"taxonomy":"product_cat","embeddable":true,"href":"https:\/\/neuero.se\/fi\/wp-json\/wp\/v2\/product_cat?post=6035"},{"taxonomy":"product_tag","embeddable":true,"href":"https:\/\/neuero.se\/fi\/wp-json\/wp\/v2\/product_tag?post=6035"}],"curies":[{"name":"wp","href":"https:\/\/api.w.org\/{rel}","templated":true}]}}