{"id":6026,"date":"2026-03-11T16:45:17","date_gmt":"2026-03-11T15:45:17","guid":{"rendered":"https:\/\/neuero.se\/?post_type=product&#038;p=6026"},"modified":"2026-04-22T15:43:13","modified_gmt":"2026-04-22T14:43:13","slug":"tvartrsportor-agro-ev400-4-m","status":"publish","type":"product","link":"https:\/\/neuero.se\/fi\/tuote\/tvartrsportor-agro-ev400-4-m\/","title":{"rendered":"Tv\u00e4rtrsport\u00f6r &#8211; Agro EV400 (4 m)"},"content":{"rendered":"<p>Enkel, robust och byggd f\u00f6r att h\u00e5lla. V\u00e5r gummibandstransport\u00f6r fr\u00e5n Agromaskiner \u00e4r den p\u00e5litliga l\u00e4nken mellan avlastarbord och kastfl\u00e4kt. Med sina massiva gummihjul, kraftfulla elmotor p\u00e5 1,1 kW och en justerbar h\u00f6jd f\u00e5r du en flexibel l\u00f6sning som fungerar i alla l\u00e4gen.<\/p>\n<p>F\u00f6rutom denna p\u00e5 4 m kan du f\u00e5 transport\u00f6rerna i l\u00e4ngderna 2 &#8211; 10 m! Bandbredden \u00e4r 500 mm och totalbredden 800 mm.<\/p>\n<p>V\u00e4l anpassad f\u00f6r smidig fodertranport utan kr\u00e5ngel! Drifts\u00e4ker funktion, minimal service och l\u00e5ng livsl\u00e4ngd.<\/p>\n","protected":false},"excerpt":{"rendered":"<p>Enkel, robust och byggd f\u00f6r att h\u00e5lla. V\u00e5r gummibandstransport\u00f6r fr\u00e5n Agromaskiner \u00e4r den p\u00e5litliga l\u00e4nken mellan avlastarbord och kastfl\u00e4kt. Med sina massiva gummihjul, kraftfulla elmotor p\u00e5 1,1 kW och en &#8230;<\/p>\n","protected":false},"featured_media":4256,"template":"","meta":{"_acf_changed":false},"product_brand":[467],"product_cat":[476],"product_tag":[],"class_list":{"0":"post-6026","1":"product","2":"type-product","3":"status-publish","4":"has-post-thumbnail","6":"product_brand-agromaskiner","7":"product_cat-agro-transportorer","9":"first","10":"instock","11":"taxable","12":"shipping-taxable","13":"purchasable","14":"product-type-simple"},"acf":[],"_links":{"self":[{"href":"https:\/\/neuero.se\/fi\/wp-json\/wp\/v2\/product\/6026","targetHints":{"allow":["GET"]}}],"collection":[{"href":"https:\/\/neuero.se\/fi\/wp-json\/wp\/v2\/product"}],"about":[{"href":"https:\/\/neuero.se\/fi\/wp-json\/wp\/v2\/types\/product"}],"wp:featuredmedia":[{"embeddable":true,"href":"https:\/\/neuero.se\/fi\/wp-json\/wp\/v2\/media\/4256"}],"wp:attachment":[{"href":"https:\/\/neuero.se\/fi\/wp-json\/wp\/v2\/media?parent=6026"}],"wp:term":[{"taxonomy":"product_brand","embeddable":true,"href":"https:\/\/neuero.se\/fi\/wp-json\/wp\/v2\/product_brand?post=6026"},{"taxonomy":"product_cat","embeddable":true,"href":"https:\/\/neuero.se\/fi\/wp-json\/wp\/v2\/product_cat?post=6026"},{"taxonomy":"product_tag","embeddable":true,"href":"https:\/\/neuero.se\/fi\/wp-json\/wp\/v2\/product_tag?post=6026"}],"curies":[{"name":"wp","href":"https:\/\/api.w.org\/{rel}","templated":true}]}}