{"id":6024,"date":"2026-03-11T16:45:16","date_gmt":"2026-03-11T15:45:16","guid":{"rendered":"https:\/\/neuero.se\/?post_type=product&#038;p=6024"},"modified":"2026-03-11T17:04:16","modified_gmt":"2026-03-11T16:04:16","slug":"utlopp-agro","status":"publish","type":"product","link":"https:\/\/neuero.se\/fi\/tuote\/utlopp-agro\/","title":{"rendered":"Utlopp &#8211; AGRO"},"content":{"rendered":"<p>Passar v\u00e5ra kkastfl\u00e4ktar fr\u00e5n Agromaskiner.<\/p>\n","protected":false},"excerpt":{"rendered":"<p>Passar v\u00e5ra kkastfl\u00e4ktar fr\u00e5n Agromaskiner.<\/p>\n","protected":false},"featured_media":6029,"template":"","meta":{"_acf_changed":false},"product_brand":[467],"product_cat":[41],"product_tag":[],"class_list":{"0":"post-6024","1":"product","2":"type-product","3":"status-publish","4":"has-post-thumbnail","6":"product_brand-agromaskiner","7":"product_cat-delar-till-kastflaktar","9":"first","10":"outofstock","11":"taxable","12":"shipping-taxable","13":"purchasable","14":"product-type-simple"},"acf":[],"_links":{"self":[{"href":"https:\/\/neuero.se\/fi\/wp-json\/wp\/v2\/product\/6024","targetHints":{"allow":["GET"]}}],"collection":[{"href":"https:\/\/neuero.se\/fi\/wp-json\/wp\/v2\/product"}],"about":[{"href":"https:\/\/neuero.se\/fi\/wp-json\/wp\/v2\/types\/product"}],"wp:featuredmedia":[{"embeddable":true,"href":"https:\/\/neuero.se\/fi\/wp-json\/wp\/v2\/media\/6029"}],"wp:attachment":[{"href":"https:\/\/neuero.se\/fi\/wp-json\/wp\/v2\/media?parent=6024"}],"wp:term":[{"taxonomy":"product_brand","embeddable":true,"href":"https:\/\/neuero.se\/fi\/wp-json\/wp\/v2\/product_brand?post=6024"},{"taxonomy":"product_cat","embeddable":true,"href":"https:\/\/neuero.se\/fi\/wp-json\/wp\/v2\/product_cat?post=6024"},{"taxonomy":"product_tag","embeddable":true,"href":"https:\/\/neuero.se\/fi\/wp-json\/wp\/v2\/product_tag?post=6024"}],"curies":[{"name":"wp","href":"https:\/\/api.w.org\/{rel}","templated":true}]}}