{"id":6011,"date":"2026-03-11T15:25:29","date_gmt":"2026-03-11T14:25:29","guid":{"rendered":"https:\/\/neuero.se\/?post_type=product&#038;p=6011"},"modified":"2026-04-24T14:28:12","modified_gmt":"2026-04-24T13:28:12","slug":"kastflakt-agro","status":"publish","type":"product","link":"https:\/\/neuero.se\/fi\/tuote\/kastflakt-agro\/","title":{"rendered":"Kastfl\u00e4kt Agro KF1600 (PTO-drift)"},"content":{"rendered":"<p data-start=\"286\" data-end=\"524\">Den klassiska kastfl\u00e4kten fr\u00e5n <strong data-start=\"317\" data-end=\"333\">AGROMASKINER<\/strong>\u00a0\u00e4r byggd f\u00f6r att leverera \u2013 dag efter dag, s\u00e4song efter s\u00e4song.<br data-start=\"397\" data-end=\"400\" \/>Med sin robusta konstruktion, h\u00f6ga kastkapacitet och drifts\u00e4kra design g\u00f6r den silofyllningen enkel, snabb och problemfri.<\/p>\n<p data-start=\"526\" data-end=\"649\">Tillverkad i Sverige och utvecklad f\u00f6r nordiska f\u00f6rh\u00e5llanden \u2013 det h\u00e4r \u00e4r fl\u00e4kten som t\u00e5l att k\u00f6ras, inte bara visas upp.<\/p>\n<p data-start=\"526\" data-end=\"649\">Levereras i standardutf\u00f6rande med rakt inlopp.<\/p>\n<p data-start=\"526\" data-end=\"649\">PTO-axel med frihjul k\u00f6ps separat.<\/p>\n","protected":false},"excerpt":{"rendered":"<p>Den klassiska kastfl\u00e4kten fr\u00e5n AGROMASKINER\u00a0\u00e4r byggd f\u00f6r att leverera \u2013 dag efter dag, s\u00e4song efter s\u00e4song.Med sin robusta konstruktion, h\u00f6ga kastkapacitet och drifts\u00e4kra design g\u00f6r den silofyllningen enkel, snabb och &#8230;<\/p>\n","protected":false},"featured_media":5234,"template":"","meta":{"_acf_changed":false},"product_brand":[467],"product_cat":[148,124],"product_tag":[],"class_list":{"0":"post-6011","1":"product","2":"type-product","3":"status-publish","4":"has-post-thumbnail","6":"product_brand-agromaskiner","7":"product_cat-flaktar-fi","8":"product_cat-osat-virkaa-varten-tuulettimet","10":"first","11":"instock","12":"taxable","13":"shipping-taxable","14":"purchasable","15":"product-type-simple"},"acf":[],"_links":{"self":[{"href":"https:\/\/neuero.se\/fi\/wp-json\/wp\/v2\/product\/6011","targetHints":{"allow":["GET"]}}],"collection":[{"href":"https:\/\/neuero.se\/fi\/wp-json\/wp\/v2\/product"}],"about":[{"href":"https:\/\/neuero.se\/fi\/wp-json\/wp\/v2\/types\/product"}],"wp:featuredmedia":[{"embeddable":true,"href":"https:\/\/neuero.se\/fi\/wp-json\/wp\/v2\/media\/5234"}],"wp:attachment":[{"href":"https:\/\/neuero.se\/fi\/wp-json\/wp\/v2\/media?parent=6011"}],"wp:term":[{"taxonomy":"product_brand","embeddable":true,"href":"https:\/\/neuero.se\/fi\/wp-json\/wp\/v2\/product_brand?post=6011"},{"taxonomy":"product_cat","embeddable":true,"href":"https:\/\/neuero.se\/fi\/wp-json\/wp\/v2\/product_cat?post=6011"},{"taxonomy":"product_tag","embeddable":true,"href":"https:\/\/neuero.se\/fi\/wp-json\/wp\/v2\/product_tag?post=6011"}],"curies":[{"name":"wp","href":"https:\/\/api.w.org\/{rel}","templated":true}]}}