{"id":5932,"date":"2026-03-05T15:45:16","date_gmt":"2026-03-05T14:45:16","guid":{"rendered":"https:\/\/neuero.se\/?post_type=product&#038;p=5932"},"modified":"2026-03-10T17:15:20","modified_gmt":"2026-03-10T16:15:20","slug":"rorsvep-till-as-nos","status":"publish","type":"product","link":"https:\/\/neuero.se\/fi\/tuote\/rorsvep-till-as-nos\/","title":{"rendered":"R\u00f6rsvep till sugnos"},"content":{"rendered":"<p>Med t\u00e4tningslist. Monteras p\u00e5 sugnosen.<\/p>\n<p>Passar AS och NAS1<\/p>\n<p>OBSERVERA: F\u00f6r 310-r\u00f6r. Var god kontrollera diametern p\u00e5 din maskin.<\/p>\n","protected":false},"excerpt":{"rendered":"<p>Med t\u00e4tningslist. Monteras p\u00e5 sugnosen. Passar AS och NAS1 OBSERVERA: F\u00f6r 310-r\u00f6r. Var god kontrollera diametern p\u00e5 din maskin.<\/p>\n","protected":false},"featured_media":5937,"template":"","meta":{"_acf_changed":false},"product_brand":[172],"product_cat":[52,30,29,31,28,44,73],"product_tag":[],"class_list":{"0":"post-5932","1":"product","2":"type-product","3":"status-publish","4":"has-post-thumbnail","6":"product_brand-neuero-farm-und-fordertechnik","7":"product_cat-rordelar-310-mm","8":"product_cat-delar-till-as-fylltommare","9":"product_cat-fylltommare","10":"product_cat-delar-till-nas-fylltommare","11":"product_cat-neuero-ensilage-utr","12":"product_cat-rordelar-neuero-ensilage-utr","13":"product_cat-tillbehor-ror-fasten-etc","15":"first","16":"instock","17":"taxable","18":"shipping-taxable","19":"purchasable","20":"product-type-simple"},"acf":[],"_links":{"self":[{"href":"https:\/\/neuero.se\/fi\/wp-json\/wp\/v2\/product\/5932","targetHints":{"allow":["GET"]}}],"collection":[{"href":"https:\/\/neuero.se\/fi\/wp-json\/wp\/v2\/product"}],"about":[{"href":"https:\/\/neuero.se\/fi\/wp-json\/wp\/v2\/types\/product"}],"wp:featuredmedia":[{"embeddable":true,"href":"https:\/\/neuero.se\/fi\/wp-json\/wp\/v2\/media\/5937"}],"wp:attachment":[{"href":"https:\/\/neuero.se\/fi\/wp-json\/wp\/v2\/media?parent=5932"}],"wp:term":[{"taxonomy":"product_brand","embeddable":true,"href":"https:\/\/neuero.se\/fi\/wp-json\/wp\/v2\/product_brand?post=5932"},{"taxonomy":"product_cat","embeddable":true,"href":"https:\/\/neuero.se\/fi\/wp-json\/wp\/v2\/product_cat?post=5932"},{"taxonomy":"product_tag","embeddable":true,"href":"https:\/\/neuero.se\/fi\/wp-json\/wp\/v2\/product_tag?post=5932"}],"curies":[{"name":"wp","href":"https:\/\/api.w.org\/{rel}","templated":true}]}}