{"id":5915,"date":"2026-03-05T15:12:07","date_gmt":"2026-03-05T14:12:07","guid":{"rendered":"https:\/\/neuero.se\/?post_type=product&#038;p=5915"},"modified":"2026-03-05T15:12:07","modified_gmt":"2026-03-05T14:12:07","slug":"rorsvep-250-mm","status":"publish","type":"product","link":"https:\/\/neuero.se\/fi\/tuote\/rorsvep-250-mm\/","title":{"rendered":"R\u00f6rsvep 250 mm"},"content":{"rendered":"<p>T\u00e4tningslist k\u00f6ps separat<\/p>\n","protected":false},"excerpt":{"rendered":"<p>T\u00e4tningslist k\u00f6ps separat<\/p>\n","protected":false},"featured_media":5924,"template":"","meta":{"_acf_changed":false},"product_brand":[],"product_cat":[73,28,44,51],"product_tag":[],"class_list":{"0":"post-5915","1":"product","2":"type-product","3":"status-publish","4":"has-post-thumbnail","6":"product_cat-tillbehor-ror-fasten-etc","7":"product_cat-neuero-ensilage-utr","8":"product_cat-rordelar-neuero-ensilage-utr","9":"product_cat-rordelar-250-mm","11":"first","12":"instock","13":"taxable","14":"shipping-taxable","15":"product-type-grouped"},"acf":[],"_links":{"self":[{"href":"https:\/\/neuero.se\/fi\/wp-json\/wp\/v2\/product\/5915","targetHints":{"allow":["GET"]}}],"collection":[{"href":"https:\/\/neuero.se\/fi\/wp-json\/wp\/v2\/product"}],"about":[{"href":"https:\/\/neuero.se\/fi\/wp-json\/wp\/v2\/types\/product"}],"wp:featuredmedia":[{"embeddable":true,"href":"https:\/\/neuero.se\/fi\/wp-json\/wp\/v2\/media\/5924"}],"wp:attachment":[{"href":"https:\/\/neuero.se\/fi\/wp-json\/wp\/v2\/media?parent=5915"}],"wp:term":[{"taxonomy":"product_brand","embeddable":true,"href":"https:\/\/neuero.se\/fi\/wp-json\/wp\/v2\/product_brand?post=5915"},{"taxonomy":"product_cat","embeddable":true,"href":"https:\/\/neuero.se\/fi\/wp-json\/wp\/v2\/product_cat?post=5915"},{"taxonomy":"product_tag","embeddable":true,"href":"https:\/\/neuero.se\/fi\/wp-json\/wp\/v2\/product_tag?post=5915"}],"curies":[{"name":"wp","href":"https:\/\/api.w.org\/{rel}","templated":true}]}}