{"id":5911,"date":"2026-03-05T14:55:08","date_gmt":"2026-03-05T13:55:08","guid":{"rendered":"https:\/\/neuero.se\/?post_type=product&#038;p=5911"},"modified":"2026-04-21T07:53:07","modified_gmt":"2026-04-21T06:53:07","slug":"tatning-rorsvep","status":"publish","type":"product","link":"https:\/\/neuero.se\/fi\/tuote\/tatning-rorsvep\/","title":{"rendered":"T\u00e4tning R\u00f6rsvep"},"content":{"rendered":"<p>L\u00e4cker det fr\u00e5n r\u00f6rkopplingarna? D\u00e5 beh\u00f6ver du nog byta t\u00e4tningen p\u00e5 r\u00f6rsvepet.<\/p>\n<p>Denna t\u00e4tning passar alla v\u00e5ra r\u00f6rsvep. Klipps till l\u00e4mplig l\u00e4ngd.<\/p>\n<p>Tag bort skyddsremsan p\u00e5 baksidan och tryck fast t\u00e4tningen p\u00e5 r\u00f6rsvepet. B\u00f6rja i ena \u00e4ndan. Klipp bort \u00f6verbliven t\u00e4tning.<\/p>\n","protected":false},"excerpt":{"rendered":"<p>L\u00e4cker det fr\u00e5n r\u00f6rkopplingarna? D\u00e5 beh\u00f6ver du nog byta t\u00e4tningen p\u00e5 r\u00f6rsvepet. Denna t\u00e4tning passar alla v\u00e5ra r\u00f6rsvep. Klipps till l\u00e4mplig l\u00e4ngd. Tag bort skyddsremsan p\u00e5 baksidan och tryck fast &#8230;<\/p>\n","protected":false},"featured_media":5913,"template":"","meta":{"_acf_changed":false},"product_brand":[],"product_cat":[44,59,28,51,52,60,73],"product_tag":[],"class_list":{"0":"post-5911","1":"product","2":"type-product","3":"status-publish","4":"has-post-thumbnail","6":"product_cat-rordelar-neuero-ensilage-utr","7":"product_cat-cykloner-mm","8":"product_cat-neuero-ensilage-utr","9":"product_cat-rordelar-250-mm","10":"product_cat-rordelar-310-mm","11":"product_cat-rordelar-380-mm","12":"product_cat-tillbehor-ror-fasten-etc","14":"first","15":"instock","16":"taxable","17":"shipping-taxable","18":"purchasable","19":"product-type-simple"},"acf":[],"_links":{"self":[{"href":"https:\/\/neuero.se\/fi\/wp-json\/wp\/v2\/product\/5911","targetHints":{"allow":["GET"]}}],"collection":[{"href":"https:\/\/neuero.se\/fi\/wp-json\/wp\/v2\/product"}],"about":[{"href":"https:\/\/neuero.se\/fi\/wp-json\/wp\/v2\/types\/product"}],"wp:featuredmedia":[{"embeddable":true,"href":"https:\/\/neuero.se\/fi\/wp-json\/wp\/v2\/media\/5913"}],"wp:attachment":[{"href":"https:\/\/neuero.se\/fi\/wp-json\/wp\/v2\/media?parent=5911"}],"wp:term":[{"taxonomy":"product_brand","embeddable":true,"href":"https:\/\/neuero.se\/fi\/wp-json\/wp\/v2\/product_brand?post=5911"},{"taxonomy":"product_cat","embeddable":true,"href":"https:\/\/neuero.se\/fi\/wp-json\/wp\/v2\/product_cat?post=5911"},{"taxonomy":"product_tag","embeddable":true,"href":"https:\/\/neuero.se\/fi\/wp-json\/wp\/v2\/product_tag?post=5911"}],"curies":[{"name":"wp","href":"https:\/\/api.w.org\/{rel}","templated":true}]}}