{"id":5793,"date":"2026-02-18T16:37:46","date_gmt":"2026-02-18T15:37:46","guid":{"rendered":"https:\/\/neuero.se\/?post_type=product&#038;p=5793"},"modified":"2026-02-18T16:41:36","modified_gmt":"2026-02-18T15:41:36","slug":"neuero-tornado-2000","status":"publish","type":"product","link":"https:\/\/neuero.se\/fi\/tuote\/neuero-tornado-2000\/","title":{"rendered":"NEUERO Tornado 2000"},"content":{"rendered":"<p>Tornado 2000 \u00e4r en h\u00f6gpresterande t\u00f6mningsfl\u00e4kt utvecklad f\u00f6r effektiv hantering av gr\u00e4s- och majssilage samt CCM i h\u00f6gsilosystem. Den kombinerar h\u00f6g kapacitet med robust konstruktion och l\u00e5g underh\u00e5llsniv\u00e5 \u2013 anpassad f\u00f6r kr\u00e4vande lantbruksmilj\u00f6er. Kapacitet upp till 10 ton\/h!<\/p>\n<p>Finns i olika motorstorlekar och olika sp\u00e4nningar.<\/p>\n","protected":false},"excerpt":{"rendered":"<p>Tornado 2000 \u00e4r en h\u00f6gpresterande t\u00f6mningsfl\u00e4kt utvecklad f\u00f6r effektiv hantering av gr\u00e4s- och majssilage samt CCM i h\u00f6gsilosystem. Den kombinerar h\u00f6g kapacitet med robust konstruktion och l\u00e5g underh\u00e5llsniv\u00e5 \u2013 anpassad &#8230;<\/p>\n","protected":false},"featured_media":5487,"template":"","meta":{"_acf_changed":false},"product_brand":[172],"product_cat":[148,147,112],"product_tag":[],"class_list":{"0":"post-5793","1":"product","2":"type-product","3":"status-publish","4":"has-post-thumbnail","6":"product_brand-neuero-farm-und-fordertechnik","7":"product_cat-flaktar-fi","8":"product_cat-neuero-ensilage-utr-fi","9":"product_cat-poistopuhaltimet","11":"first","12":"instock","13":"taxable","14":"shipping-taxable","15":"product-type-grouped"},"acf":[],"_links":{"self":[{"href":"https:\/\/neuero.se\/fi\/wp-json\/wp\/v2\/product\/5793","targetHints":{"allow":["GET"]}}],"collection":[{"href":"https:\/\/neuero.se\/fi\/wp-json\/wp\/v2\/product"}],"about":[{"href":"https:\/\/neuero.se\/fi\/wp-json\/wp\/v2\/types\/product"}],"wp:featuredmedia":[{"embeddable":true,"href":"https:\/\/neuero.se\/fi\/wp-json\/wp\/v2\/media\/5487"}],"wp:attachment":[{"href":"https:\/\/neuero.se\/fi\/wp-json\/wp\/v2\/media?parent=5793"}],"wp:term":[{"taxonomy":"product_brand","embeddable":true,"href":"https:\/\/neuero.se\/fi\/wp-json\/wp\/v2\/product_brand?post=5793"},{"taxonomy":"product_cat","embeddable":true,"href":"https:\/\/neuero.se\/fi\/wp-json\/wp\/v2\/product_cat?post=5793"},{"taxonomy":"product_tag","embeddable":true,"href":"https:\/\/neuero.se\/fi\/wp-json\/wp\/v2\/product_tag?post=5793"}],"curies":[{"name":"wp","href":"https:\/\/api.w.org\/{rel}","templated":true}]}}