{"id":5781,"date":"2026-02-18T15:51:14","date_gmt":"2026-02-18T14:51:14","guid":{"rendered":"https:\/\/neuero.se\/?post_type=product&#038;p=5781"},"modified":"2026-02-18T16:31:04","modified_gmt":"2026-02-18T15:31:04","slug":"neuero-tornado-3000","status":"publish","type":"product","link":"https:\/\/neuero.se\/fi\/tuote\/neuero-tornado-3000\/","title":{"rendered":"NEUERO Tornado 3000"},"content":{"rendered":"<p data-sourcepos=\"1:1-1:45\"><strong>T\u00f6mningsfl\u00e4kt<\/strong><\/p>\n<p data-sourcepos=\"5:1-5:118\">NEUERO original TORNADO 3000.<br \/>\nEn mycket effektiv urtagningsfl\u00e4kt f\u00f6r alla behov. upp till 12 ton\/h!<br \/>\nDen senast utveckalde fl\u00e4kten p\u00e5 marknaden,med st\u00e4llbart stativ. kan f\u00e5s med 18,5 kw 230\/400V motor, f\u00f6r den mest enerigieffektiva urtagningen.<br \/>\nMed 310 mm inlopp och utlopp som standard, samt med utbyttbart rostrfitt inl\u00e4gg<br \/>\nKlarar alla f\u00f6rekommande silotorn, kan monteras p\u00e5 plattform, skullen eller efter \u00f6nskem\u00e5l.<\/p>\n","protected":false},"excerpt":{"rendered":"<p>T\u00f6mningsfl\u00e4kt NEUERO original TORNADO 3000. En mycket effektiv urtagningsfl\u00e4kt f\u00f6r alla behov. upp till 12 ton\/h! Den senast utveckalde fl\u00e4kten p\u00e5 marknaden,med st\u00e4llbart stativ. kan f\u00e5s med 18,5 kw 230\/400V &#8230;<\/p>\n","protected":false},"featured_media":5526,"template":"","meta":{"_acf_changed":false},"product_brand":[172],"product_cat":[147,112],"product_tag":[162,167,166,165,163],"class_list":{"0":"post-5781","1":"product","2":"type-product","3":"status-publish","4":"has-post-thumbnail","6":"product_brand-neuero-farm-und-fordertechnik","7":"product_cat-neuero-ensilage-utr-fi","8":"product_cat-poistopuhaltimet","9":"product_tag-neuero-gmbh","10":"product_tag-neuero-se","11":"product_tag-stubb-nu","12":"product_tag-svenska-neuero","13":"product_tag-valmetal","15":"first","16":"instock","17":"taxable","18":"shipping-taxable","19":"product-type-grouped"},"acf":[],"_links":{"self":[{"href":"https:\/\/neuero.se\/fi\/wp-json\/wp\/v2\/product\/5781","targetHints":{"allow":["GET"]}}],"collection":[{"href":"https:\/\/neuero.se\/fi\/wp-json\/wp\/v2\/product"}],"about":[{"href":"https:\/\/neuero.se\/fi\/wp-json\/wp\/v2\/types\/product"}],"wp:featuredmedia":[{"embeddable":true,"href":"https:\/\/neuero.se\/fi\/wp-json\/wp\/v2\/media\/5526"}],"wp:attachment":[{"href":"https:\/\/neuero.se\/fi\/wp-json\/wp\/v2\/media?parent=5781"}],"wp:term":[{"taxonomy":"product_brand","embeddable":true,"href":"https:\/\/neuero.se\/fi\/wp-json\/wp\/v2\/product_brand?post=5781"},{"taxonomy":"product_cat","embeddable":true,"href":"https:\/\/neuero.se\/fi\/wp-json\/wp\/v2\/product_cat?post=5781"},{"taxonomy":"product_tag","embeddable":true,"href":"https:\/\/neuero.se\/fi\/wp-json\/wp\/v2\/product_tag?post=5781"}],"curies":[{"name":"wp","href":"https:\/\/api.w.org\/{rel}","templated":true}]}}