{"id":5732,"date":"2026-02-11T15:35:17","date_gmt":"2026-02-11T14:35:17","guid":{"rendered":"https:\/\/neuero.se\/?post_type=product&#038;p=5732"},"modified":"2026-02-19T11:27:52","modified_gmt":"2026-02-19T10:27:52","slug":"kniv-debaler-hoger","status":"publish","type":"product","link":"https:\/\/neuero.se\/fi\/tuote\/kniv-debaler-hoger\/","title":{"rendered":"Kniv Debaler H\u00f6ger"},"content":{"rendered":"<p>Observera: F\u00e4stmateriel ing\u00e5r ej<\/p>\n<p>\u00c5tg\u00e5r 8 st per skruv<\/p>\n","protected":false},"excerpt":{"rendered":"<p>Observera: F\u00e4stmateriel ing\u00e5r ej \u00c5tg\u00e5r 8 st per skruv<\/p>\n","protected":false},"featured_media":5801,"template":"","meta":{"_acf_changed":false},"product_brand":[171],"product_cat":[450,34],"product_tag":[],"class_list":{"0":"post-5732","1":"product","2":"type-product","3":"status-publish","4":"has-post-thumbnail","6":"product_brand-valmetal","7":"product_cat-debaler","8":"product_cat-valmetal-delar","10":"first","11":"outofstock","12":"taxable","13":"shipping-taxable","14":"purchasable","15":"product-type-simple"},"acf":[],"_links":{"self":[{"href":"https:\/\/neuero.se\/fi\/wp-json\/wp\/v2\/product\/5732","targetHints":{"allow":["GET"]}}],"collection":[{"href":"https:\/\/neuero.se\/fi\/wp-json\/wp\/v2\/product"}],"about":[{"href":"https:\/\/neuero.se\/fi\/wp-json\/wp\/v2\/types\/product"}],"wp:featuredmedia":[{"embeddable":true,"href":"https:\/\/neuero.se\/fi\/wp-json\/wp\/v2\/media\/5801"}],"wp:attachment":[{"href":"https:\/\/neuero.se\/fi\/wp-json\/wp\/v2\/media?parent=5732"}],"wp:term":[{"taxonomy":"product_brand","embeddable":true,"href":"https:\/\/neuero.se\/fi\/wp-json\/wp\/v2\/product_brand?post=5732"},{"taxonomy":"product_cat","embeddable":true,"href":"https:\/\/neuero.se\/fi\/wp-json\/wp\/v2\/product_cat?post=5732"},{"taxonomy":"product_tag","embeddable":true,"href":"https:\/\/neuero.se\/fi\/wp-json\/wp\/v2\/product_tag?post=5732"}],"curies":[{"name":"wp","href":"https:\/\/api.w.org\/{rel}","templated":true}]}}