{"id":5719,"date":"2026-02-10T17:04:45","date_gmt":"2026-02-10T16:04:45","guid":{"rendered":"https:\/\/neuero.se\/?post_type=product&#038;p=5719"},"modified":"2026-02-10T17:05:59","modified_gmt":"2026-02-10T16:05:59","slug":"stallina-8-mm-galvat","status":"publish","type":"product","link":"https:\/\/neuero.se\/fi\/tuote\/stallina-8-mm-galvat\/","title":{"rendered":"St\u00e5llina 8 mm Galvat"},"content":{"rendered":"<p>Olika l\u00e4ngder. V\u00e4lj l\u00e4ngd i rutan brevid.<\/p>\n<p>Levereras utan kedjel\u00e5s och kaus.<\/p>\n","protected":false},"excerpt":{"rendered":"<p>Olika l\u00e4ngder. V\u00e4lj l\u00e4ngd i rutan brevid. Levereras utan kedjel\u00e5s och kaus.<\/p>\n","protected":false},"featured_media":5713,"template":"","meta":{"_acf_changed":false},"product_brand":[],"product_cat":[29,30,31,28,232],"product_tag":[],"class_list":{"0":"post-5719","1":"product","2":"type-product","3":"status-publish","4":"has-post-thumbnail","6":"product_cat-fylltommare","7":"product_cat-delar-till-as-fylltommare","8":"product_cat-delar-till-nas-fylltommare","9":"product_cat-neuero-ensilage-utr","10":"product_cat-of","12":"first","13":"instock","14":"taxable","15":"shipping-taxable","16":"product-type-grouped"},"acf":[],"_links":{"self":[{"href":"https:\/\/neuero.se\/fi\/wp-json\/wp\/v2\/product\/5719","targetHints":{"allow":["GET"]}}],"collection":[{"href":"https:\/\/neuero.se\/fi\/wp-json\/wp\/v2\/product"}],"about":[{"href":"https:\/\/neuero.se\/fi\/wp-json\/wp\/v2\/types\/product"}],"wp:featuredmedia":[{"embeddable":true,"href":"https:\/\/neuero.se\/fi\/wp-json\/wp\/v2\/media\/5713"}],"wp:attachment":[{"href":"https:\/\/neuero.se\/fi\/wp-json\/wp\/v2\/media?parent=5719"}],"wp:term":[{"taxonomy":"product_brand","embeddable":true,"href":"https:\/\/neuero.se\/fi\/wp-json\/wp\/v2\/product_brand?post=5719"},{"taxonomy":"product_cat","embeddable":true,"href":"https:\/\/neuero.se\/fi\/wp-json\/wp\/v2\/product_cat?post=5719"},{"taxonomy":"product_tag","embeddable":true,"href":"https:\/\/neuero.se\/fi\/wp-json\/wp\/v2\/product_tag?post=5719"}],"curies":[{"name":"wp","href":"https:\/\/api.w.org\/{rel}","templated":true}]}}