{"id":5703,"date":"2026-02-10T15:27:35","date_gmt":"2026-02-10T14:27:35","guid":{"rendered":"https:\/\/neuero.se\/?post_type=product&#038;p=5703"},"modified":"2026-02-10T15:27:35","modified_gmt":"2026-02-10T14:27:35","slug":"teleskopror-310mm-rostfritt","status":"publish","type":"product","link":"https:\/\/neuero.se\/fi\/tuote\/teleskopror-310mm-rostfritt\/","title":{"rendered":"Teleskopr\u00f6r 310mm Rostfritt"},"content":{"rendered":"<p>V\u00e4lj l\u00e4ngd i rutan brevid.<\/p>\n","protected":false},"excerpt":{"rendered":"<p>V\u00e4lj l\u00e4ngd i rutan brevid.<\/p>\n","protected":false},"featured_media":5710,"template":"","meta":{"_acf_changed":false},"product_brand":[],"product_cat":[45,44],"product_tag":[],"class_list":{"0":"post-5703","1":"product","2":"type-product","3":"status-publish","4":"has-post-thumbnail","6":"product_cat-teleskop","7":"product_cat-rordelar-neuero-ensilage-utr","9":"first","10":"instock","11":"taxable","12":"shipping-taxable","13":"product-type-grouped"},"acf":[],"_links":{"self":[{"href":"https:\/\/neuero.se\/fi\/wp-json\/wp\/v2\/product\/5703","targetHints":{"allow":["GET"]}}],"collection":[{"href":"https:\/\/neuero.se\/fi\/wp-json\/wp\/v2\/product"}],"about":[{"href":"https:\/\/neuero.se\/fi\/wp-json\/wp\/v2\/types\/product"}],"wp:featuredmedia":[{"embeddable":true,"href":"https:\/\/neuero.se\/fi\/wp-json\/wp\/v2\/media\/5710"}],"wp:attachment":[{"href":"https:\/\/neuero.se\/fi\/wp-json\/wp\/v2\/media?parent=5703"}],"wp:term":[{"taxonomy":"product_brand","embeddable":true,"href":"https:\/\/neuero.se\/fi\/wp-json\/wp\/v2\/product_brand?post=5703"},{"taxonomy":"product_cat","embeddable":true,"href":"https:\/\/neuero.se\/fi\/wp-json\/wp\/v2\/product_cat?post=5703"},{"taxonomy":"product_tag","embeddable":true,"href":"https:\/\/neuero.se\/fi\/wp-json\/wp\/v2\/product_tag?post=5703"}],"curies":[{"name":"wp","href":"https:\/\/api.w.org\/{rel}","templated":true}]}}