{"id":5657,"date":"2026-02-10T11:40:12","date_gmt":"2026-02-10T10:40:12","guid":{"rendered":"https:\/\/neuero.se\/?post_type=product&#038;p=5657"},"modified":"2026-02-10T11:54:06","modified_gmt":"2026-02-10T10:54:06","slug":"fjader-for-spannrulle","status":"publish","type":"product","link":"https:\/\/neuero.se\/fi\/tuote\/fjader-for-spannrulle\/","title":{"rendered":"Fj\u00e4der f\u00f6r Sp\u00e4nnrulle"},"content":{"rendered":"<p>F\u00f6r remtransmissionen vid inmatningsskruven.<\/p>\n","protected":false},"excerpt":{"rendered":"<p>F\u00f6r remtransmissionen vid inmatningsskruven.<\/p>\n","protected":false},"featured_media":5672,"template":"","meta":{"_acf_changed":false},"product_brand":[171],"product_cat":[402,34],"product_tag":[],"class_list":{"0":"post-5657","1":"product","2":"type-product","3":"status-publish","4":"has-post-thumbnail","6":"product_brand-valmetal","7":"product_cat-valmetal-v-59-forage-blower","8":"product_cat-valmetal-delar","10":"first","11":"instock","12":"taxable","13":"shipping-taxable","14":"purchasable","15":"product-type-simple"},"acf":[],"_links":{"self":[{"href":"https:\/\/neuero.se\/fi\/wp-json\/wp\/v2\/product\/5657","targetHints":{"allow":["GET"]}}],"collection":[{"href":"https:\/\/neuero.se\/fi\/wp-json\/wp\/v2\/product"}],"about":[{"href":"https:\/\/neuero.se\/fi\/wp-json\/wp\/v2\/types\/product"}],"wp:featuredmedia":[{"embeddable":true,"href":"https:\/\/neuero.se\/fi\/wp-json\/wp\/v2\/media\/5672"}],"wp:attachment":[{"href":"https:\/\/neuero.se\/fi\/wp-json\/wp\/v2\/media?parent=5657"}],"wp:term":[{"taxonomy":"product_brand","embeddable":true,"href":"https:\/\/neuero.se\/fi\/wp-json\/wp\/v2\/product_brand?post=5657"},{"taxonomy":"product_cat","embeddable":true,"href":"https:\/\/neuero.se\/fi\/wp-json\/wp\/v2\/product_cat?post=5657"},{"taxonomy":"product_tag","embeddable":true,"href":"https:\/\/neuero.se\/fi\/wp-json\/wp\/v2\/product_tag?post=5657"}],"curies":[{"name":"wp","href":"https:\/\/api.w.org\/{rel}","templated":true}]}}