{"id":5621,"date":"2026-02-09T12:59:30","date_gmt":"2026-02-09T11:59:30","guid":{"rendered":"https:\/\/neuero.se\/?post_type=product&#038;p=5621"},"modified":"2026-02-09T13:23:23","modified_gmt":"2026-02-09T12:23:23","slug":"vajer-till-teleskopror","status":"publish","type":"product","link":"https:\/\/neuero.se\/fi\/tuote\/vajer-till-teleskopror\/","title":{"rendered":"Vajer till Teleskopr\u00f6r"},"content":{"rendered":"<p>F\u00e4rdiga l\u00e4ngder med kaus och l\u00e5s.<\/p>\n<p>Finns i b\u00e5de rostfritt och galvat.<\/p>\n<p>&nbsp;<\/p>\n","protected":false},"excerpt":{"rendered":"<p>F\u00e4rdiga l\u00e4ngder med kaus och l\u00e5s. Finns i b\u00e5de rostfritt och galvat. &nbsp;<\/p>\n","protected":false},"featured_media":5626,"template":"","meta":{"_acf_changed":false},"product_brand":[],"product_cat":[45,28,44],"product_tag":[],"class_list":{"0":"post-5621","1":"product","2":"type-product","3":"status-publish","4":"has-post-thumbnail","6":"product_cat-teleskop","7":"product_cat-neuero-ensilage-utr","8":"product_cat-rordelar-neuero-ensilage-utr","10":"first","11":"instock","12":"taxable","13":"shipping-taxable","14":"product-type-grouped"},"acf":[],"_links":{"self":[{"href":"https:\/\/neuero.se\/fi\/wp-json\/wp\/v2\/product\/5621","targetHints":{"allow":["GET"]}}],"collection":[{"href":"https:\/\/neuero.se\/fi\/wp-json\/wp\/v2\/product"}],"about":[{"href":"https:\/\/neuero.se\/fi\/wp-json\/wp\/v2\/types\/product"}],"wp:featuredmedia":[{"embeddable":true,"href":"https:\/\/neuero.se\/fi\/wp-json\/wp\/v2\/media\/5626"}],"wp:attachment":[{"href":"https:\/\/neuero.se\/fi\/wp-json\/wp\/v2\/media?parent=5621"}],"wp:term":[{"taxonomy":"product_brand","embeddable":true,"href":"https:\/\/neuero.se\/fi\/wp-json\/wp\/v2\/product_brand?post=5621"},{"taxonomy":"product_cat","embeddable":true,"href":"https:\/\/neuero.se\/fi\/wp-json\/wp\/v2\/product_cat?post=5621"},{"taxonomy":"product_tag","embeddable":true,"href":"https:\/\/neuero.se\/fi\/wp-json\/wp\/v2\/product_tag?post=5621"}],"curies":[{"name":"wp","href":"https:\/\/api.w.org\/{rel}","templated":true}]}}