{"id":5589,"date":"2026-02-09T09:15:12","date_gmt":"2026-02-09T08:15:12","guid":{"rendered":"https:\/\/neuero.se\/?post_type=product&#038;p=5589"},"modified":"2026-02-09T09:43:06","modified_gmt":"2026-02-09T08:43:06","slug":"fjader-for-kna-upp","status":"publish","type":"product","link":"https:\/\/neuero.se\/fi\/tuote\/fjader-for-kna-upp\/","title":{"rendered":"Fj\u00e4der f\u00f6r Kn\u00e4 Upp"},"content":{"rendered":"","protected":false},"excerpt":{"rendered":"","protected":false},"featured_media":5600,"template":"","meta":{"_acf_changed":false},"product_brand":[171],"product_cat":[390,34],"product_tag":[],"class_list":{"0":"post-5589","1":"product","2":"type-product","3":"status-publish","4":"has-post-thumbnail","6":"product_brand-valmetal","7":"product_cat-knee-parts","8":"product_cat-valmetal-delar","10":"first","11":"instock","12":"taxable","13":"shipping-taxable","14":"purchasable","15":"product-type-simple"},"acf":[],"_links":{"self":[{"href":"https:\/\/neuero.se\/fi\/wp-json\/wp\/v2\/product\/5589","targetHints":{"allow":["GET"]}}],"collection":[{"href":"https:\/\/neuero.se\/fi\/wp-json\/wp\/v2\/product"}],"about":[{"href":"https:\/\/neuero.se\/fi\/wp-json\/wp\/v2\/types\/product"}],"wp:featuredmedia":[{"embeddable":true,"href":"https:\/\/neuero.se\/fi\/wp-json\/wp\/v2\/media\/5600"}],"wp:attachment":[{"href":"https:\/\/neuero.se\/fi\/wp-json\/wp\/v2\/media?parent=5589"}],"wp:term":[{"taxonomy":"product_brand","embeddable":true,"href":"https:\/\/neuero.se\/fi\/wp-json\/wp\/v2\/product_brand?post=5589"},{"taxonomy":"product_cat","embeddable":true,"href":"https:\/\/neuero.se\/fi\/wp-json\/wp\/v2\/product_cat?post=5589"},{"taxonomy":"product_tag","embeddable":true,"href":"https:\/\/neuero.se\/fi\/wp-json\/wp\/v2\/product_tag?post=5589"}],"curies":[{"name":"wp","href":"https:\/\/api.w.org\/{rel}","templated":true}]}}