{"id":5535,"date":"2026-02-05T08:20:12","date_gmt":"2026-02-05T07:20:12","guid":{"rendered":"https:\/\/neuero.se\/?post_type=product&#038;p=5535"},"modified":"2026-04-07T12:33:07","modified_gmt":"2026-04-07T11:33:07","slug":"kantskarare","status":"publish","type":"product","link":"https:\/\/neuero.se\/fi\/tuote\/kantskarare\/","title":{"rendered":"Kantsk\u00e4rare"},"content":{"rendered":"<h2 data-start=\"221\" data-end=\"297\">Kantsk\u00e4rare f\u00f6r ensilagesilo \u2013 effektiv och hygienisk anv\u00e4ndning<\/h2>\n<p data-start=\"299\" data-end=\"586\">V\u00e5r ber\u00f6mda kantsk\u00e4rare \u00e4r utvecklad f\u00f6r professionell anv\u00e4ndning tillsammans med fyllt\u00f6mmare f\u00f6r runda ensilagesilos. Produkten anv\u00e4nds vid uttagning av ensilage f\u00f6r att effektivt sk\u00e4ra bort den frusna eller h\u00e5rda kanten n\u00e4rmast silov\u00e4ggen, vilket f\u00f6rb\u00e4ttrar b\u00e5de drift och foderkvalitet.<\/p>\n<p data-start=\"588\" data-end=\"764\">Kantsk\u00e4raren \u00e4r utrustad med en borste som reng\u00f6r silov\u00e4ggen under arbetet. Detta bidrar till en renare, mer hygienisk silo och minskar risken f\u00f6r foderkontaminering.<\/p>\n<hr data-start=\"766\" data-end=\"769\" \/>\n<h3 data-start=\"771\" data-end=\"818\">Anv\u00e4ndning vid uttagning och inl\u00e4ggning<\/h3>\n<p data-start=\"820\" data-end=\"940\">Kantsk\u00e4raren \u00e4r avsedd f\u00f6r <strong data-start=\"847\" data-end=\"889\">anv\u00e4ndning under uttagning av ensilage<\/strong> och skall <strong data-start=\"900\" data-end=\"908\">inte<\/strong> vara monterad under inl\u00e4ggning.<\/p>\n<p data-start=\"942\" data-end=\"957\">Vid inl\u00e4ggning:<\/p>\n<ul>\n<li data-start=\"960\" data-end=\"1018\">Kantsk\u00e4raren flyttas in innanf\u00f6r den yttre fr\u00e4stallriken<\/li>\n<li data-start=\"960\" data-end=\"1018\">Fj\u00e4dern l\u00e5ses med montagest\u00f6ded<\/li>\n<li data-start=\"960\" data-end=\"1018\">Enheten kan f\u00f6rvaras s\u00e4kert i fyllt\u00f6mmarens <a href=\"https:\/\/neuero.se\/produkt\/forvaringbox-med-fasten\/\">servicel\u00e5da<\/a><\/li>\n<\/ul>\n<p data-start=\"1116\" data-end=\"1207\">Korrekt hantering vid inl\u00e4ggning s\u00e4kerst\u00e4ller l\u00e5ng livsl\u00e4ngd och drifts\u00e4ker anv\u00e4ndning.<\/p>\n","protected":false},"excerpt":{"rendered":"<p>Kantsk\u00e4rare f\u00f6r ensilagesilo \u2013 effektiv och hygienisk anv\u00e4ndning V\u00e5r ber\u00f6mda kantsk\u00e4rare \u00e4r utvecklad f\u00f6r professionell anv\u00e4ndning tillsammans med fyllt\u00f6mmare f\u00f6r runda ensilagesilos. Produkten anv\u00e4nds vid uttagning av ensilage f\u00f6r att &#8230;<\/p>\n","protected":false},"featured_media":3724,"template":"","meta":{"_acf_changed":false},"product_brand":[172],"product_cat":[389,29,28],"product_tag":[],"class_list":{"0":"post-5535","1":"product","2":"type-product","3":"status-publish","4":"has-post-thumbnail","6":"product_brand-neuero-farm-und-fordertechnik","7":"product_cat-kantskarare","8":"product_cat-fylltommare","9":"product_cat-neuero-ensilage-utr","11":"first","12":"outofstock","13":"taxable","14":"shipping-taxable","15":"purchasable","16":"product-type-simple"},"acf":[],"_links":{"self":[{"href":"https:\/\/neuero.se\/fi\/wp-json\/wp\/v2\/product\/5535","targetHints":{"allow":["GET"]}}],"collection":[{"href":"https:\/\/neuero.se\/fi\/wp-json\/wp\/v2\/product"}],"about":[{"href":"https:\/\/neuero.se\/fi\/wp-json\/wp\/v2\/types\/product"}],"wp:featuredmedia":[{"embeddable":true,"href":"https:\/\/neuero.se\/fi\/wp-json\/wp\/v2\/media\/3724"}],"wp:attachment":[{"href":"https:\/\/neuero.se\/fi\/wp-json\/wp\/v2\/media?parent=5535"}],"wp:term":[{"taxonomy":"product_brand","embeddable":true,"href":"https:\/\/neuero.se\/fi\/wp-json\/wp\/v2\/product_brand?post=5535"},{"taxonomy":"product_cat","embeddable":true,"href":"https:\/\/neuero.se\/fi\/wp-json\/wp\/v2\/product_cat?post=5535"},{"taxonomy":"product_tag","embeddable":true,"href":"https:\/\/neuero.se\/fi\/wp-json\/wp\/v2\/product_tag?post=5535"}],"curies":[{"name":"wp","href":"https:\/\/api.w.org\/{rel}","templated":true}]}}