{"id":5450,"date":"2026-02-02T15:50:13","date_gmt":"2026-02-02T14:50:13","guid":{"rendered":"https:\/\/neuero.se\/?post_type=product&#038;p=5450"},"modified":"2026-02-09T09:15:30","modified_gmt":"2026-02-09T08:15:30","slug":"lager-till-borste-och-kna-upp-24","status":"publish","type":"product","link":"https:\/\/neuero.se\/fi\/tuote\/lager-till-borste-och-kna-upp-24\/","title":{"rendered":"Lager till Borste och Kn\u00e4 upp (24&#8243;)"},"content":{"rendered":"<p>Passar borstvalsen p\u00e5 samtliga transport\u00f6rer.<\/p>\n<p>Passar \u00e4ven hjulen p\u00e5 kn\u00e4 upp (endast 24&#8243;).<\/p>\n","protected":false},"excerpt":{"rendered":"<p>Passar borstvalsen p\u00e5 samtliga transport\u00f6rer. Passar \u00e4ven hjulen p\u00e5 kn\u00e4 upp (endast 24&#8243;).<\/p>\n","protected":false},"featured_media":5587,"template":"","meta":{"_acf_changed":false},"product_brand":[171],"product_cat":[34,390],"product_tag":[],"class_list":{"0":"post-5450","1":"product","2":"type-product","3":"status-publish","4":"has-post-thumbnail","6":"product_brand-valmetal","7":"product_cat-valmetal-delar","8":"product_cat-knee-parts","10":"first","11":"instock","12":"taxable","13":"shipping-taxable","14":"purchasable","15":"product-type-simple"},"acf":[],"_links":{"self":[{"href":"https:\/\/neuero.se\/fi\/wp-json\/wp\/v2\/product\/5450","targetHints":{"allow":["GET"]}}],"collection":[{"href":"https:\/\/neuero.se\/fi\/wp-json\/wp\/v2\/product"}],"about":[{"href":"https:\/\/neuero.se\/fi\/wp-json\/wp\/v2\/types\/product"}],"wp:featuredmedia":[{"embeddable":true,"href":"https:\/\/neuero.se\/fi\/wp-json\/wp\/v2\/media\/5587"}],"wp:attachment":[{"href":"https:\/\/neuero.se\/fi\/wp-json\/wp\/v2\/media?parent=5450"}],"wp:term":[{"taxonomy":"product_brand","embeddable":true,"href":"https:\/\/neuero.se\/fi\/wp-json\/wp\/v2\/product_brand?post=5450"},{"taxonomy":"product_cat","embeddable":true,"href":"https:\/\/neuero.se\/fi\/wp-json\/wp\/v2\/product_cat?post=5450"},{"taxonomy":"product_tag","embeddable":true,"href":"https:\/\/neuero.se\/fi\/wp-json\/wp\/v2\/product_tag?post=5450"}],"curies":[{"name":"wp","href":"https:\/\/api.w.org\/{rel}","templated":true}]}}