{"id":5449,"date":"2026-02-02T15:50:13","date_gmt":"2026-02-02T14:50:13","guid":{"rendered":"https:\/\/neuero.se\/?post_type=product&#038;p=5449"},"modified":"2026-04-29T09:28:05","modified_gmt":"2026-04-29T08:28:05","slug":"kedjelas-till-borste","status":"publish","type":"product","link":"https:\/\/neuero.se\/fi\/tuote\/kedjelas-till-borste\/","title":{"rendered":"Kedjel\u00e5s till Borste"},"content":{"rendered":"<p>Kedjel\u00e5s till drivkedjan f\u00f6r borsten<\/p>\n","protected":false},"excerpt":{"rendered":"<p>Kedjel\u00e5s till drivkedjan f\u00f6r borsten<\/p>\n","protected":false},"featured_media":377,"template":"","meta":{"_acf_changed":false},"product_brand":[171],"product_cat":[35,78,66,34],"product_tag":[],"class_list":{"0":"post-5449","1":"product","2":"type-product","3":"status-publish","4":"has-post-thumbnail","6":"product_brand-valmetal","7":"product_cat-band-mattor-vajer","8":"product_cat-bandfoderfordelare","9":"product_cat-drivstationer","10":"product_cat-valmetal-delar","12":"first","13":"instock","14":"taxable","15":"shipping-taxable","16":"purchasable","17":"product-type-simple"},"acf":[],"_links":{"self":[{"href":"https:\/\/neuero.se\/fi\/wp-json\/wp\/v2\/product\/5449","targetHints":{"allow":["GET"]}}],"collection":[{"href":"https:\/\/neuero.se\/fi\/wp-json\/wp\/v2\/product"}],"about":[{"href":"https:\/\/neuero.se\/fi\/wp-json\/wp\/v2\/types\/product"}],"wp:featuredmedia":[{"embeddable":true,"href":"https:\/\/neuero.se\/fi\/wp-json\/wp\/v2\/media\/377"}],"wp:attachment":[{"href":"https:\/\/neuero.se\/fi\/wp-json\/wp\/v2\/media?parent=5449"}],"wp:term":[{"taxonomy":"product_brand","embeddable":true,"href":"https:\/\/neuero.se\/fi\/wp-json\/wp\/v2\/product_brand?post=5449"},{"taxonomy":"product_cat","embeddable":true,"href":"https:\/\/neuero.se\/fi\/wp-json\/wp\/v2\/product_cat?post=5449"},{"taxonomy":"product_tag","embeddable":true,"href":"https:\/\/neuero.se\/fi\/wp-json\/wp\/v2\/product_tag?post=5449"}],"curies":[{"name":"wp","href":"https:\/\/api.w.org\/{rel}","templated":true}]}}