{"id":5404,"date":"2026-01-22T17:05:12","date_gmt":"2026-01-22T16:05:12","guid":{"rendered":"https:\/\/neuero.se\/?post_type=product&#038;p=5404"},"modified":"2026-02-04T11:23:44","modified_gmt":"2026-02-04T10:23:44","slug":"flaktkapa-bonfiglioli-bn80","status":"publish","type":"product","link":"https:\/\/neuero.se\/fi\/tuote\/flaktkapa-bonfiglioli-bn80\/","title":{"rendered":"FYNDH\u00d6RNA Fl\u00e4ktk\u00e5pa Bonfiglioli BN80"},"content":{"rendered":"<p>Fl\u00e4kt och f\u00e4sten ing\u00e5r<\/p>\n","protected":false},"excerpt":{"rendered":"<p>Fl\u00e4kt och f\u00e4sten ing\u00e5r<\/p>\n","protected":false},"featured_media":5424,"template":"","meta":{"_acf_changed":false},"product_brand":[],"product_cat":[169,153,115],"product_tag":[],"class_list":{"0":"post-5404","1":"product","2":"type-product","3":"status-publish","4":"has-post-thumbnail","6":"product_cat-fyndhorna","7":"product_cat-ovriga-produkter-fi","8":"product_cat-muut-osat","10":"first","11":"instock","12":"sale","13":"taxable","14":"shipping-taxable","15":"purchasable","16":"product-type-simple"},"acf":[],"_links":{"self":[{"href":"https:\/\/neuero.se\/fi\/wp-json\/wp\/v2\/product\/5404","targetHints":{"allow":["GET"]}}],"collection":[{"href":"https:\/\/neuero.se\/fi\/wp-json\/wp\/v2\/product"}],"about":[{"href":"https:\/\/neuero.se\/fi\/wp-json\/wp\/v2\/types\/product"}],"wp:featuredmedia":[{"embeddable":true,"href":"https:\/\/neuero.se\/fi\/wp-json\/wp\/v2\/media\/5424"}],"wp:attachment":[{"href":"https:\/\/neuero.se\/fi\/wp-json\/wp\/v2\/media?parent=5404"}],"wp:term":[{"taxonomy":"product_brand","embeddable":true,"href":"https:\/\/neuero.se\/fi\/wp-json\/wp\/v2\/product_brand?post=5404"},{"taxonomy":"product_cat","embeddable":true,"href":"https:\/\/neuero.se\/fi\/wp-json\/wp\/v2\/product_cat?post=5404"},{"taxonomy":"product_tag","embeddable":true,"href":"https:\/\/neuero.se\/fi\/wp-json\/wp\/v2\/product_tag?post=5404"}],"curies":[{"name":"wp","href":"https:\/\/api.w.org\/{rel}","templated":true}]}}