{"id":5338,"date":"2026-01-22T10:30:19","date_gmt":"2026-01-22T09:30:19","guid":{"rendered":"https:\/\/neuero.se\/?post_type=product&#038;p=5338"},"modified":"2026-01-22T11:34:36","modified_gmt":"2026-01-22T10:34:36","slug":"fyndhorna-hs-miller-flaktvinge","status":"publish","type":"product","link":"https:\/\/neuero.se\/fi\/tuote\/fyndhorna-hs-miller-flaktvinge\/","title":{"rendered":"FYNDH\u00d6RNA H&#038;S Miller, Fl\u00e4ktvinge"},"content":{"rendered":"<p>S\u00e4ljs styckvis<\/p>\n","protected":false},"excerpt":{"rendered":"<p>S\u00e4ljs styckvis<\/p>\n","protected":false},"featured_media":5385,"template":"","meta":{"_acf_changed":false},"product_brand":[350],"product_cat":[169,64,38],"product_tag":[],"class_list":{"0":"post-5338","1":"product","2":"type-product","3":"status-publish","4":"has-post-thumbnail","6":"product_brand-hs-miller","7":"product_cat-fyndhorna","8":"product_cat-kastflaktar-ovriga-produkter","9":"product_cat-ovriga-produkter","11":"first","12":"instock","13":"sale","14":"taxable","15":"shipping-taxable","16":"purchasable","17":"product-type-simple"},"acf":[],"_links":{"self":[{"href":"https:\/\/neuero.se\/fi\/wp-json\/wp\/v2\/product\/5338","targetHints":{"allow":["GET"]}}],"collection":[{"href":"https:\/\/neuero.se\/fi\/wp-json\/wp\/v2\/product"}],"about":[{"href":"https:\/\/neuero.se\/fi\/wp-json\/wp\/v2\/types\/product"}],"wp:featuredmedia":[{"embeddable":true,"href":"https:\/\/neuero.se\/fi\/wp-json\/wp\/v2\/media\/5385"}],"wp:attachment":[{"href":"https:\/\/neuero.se\/fi\/wp-json\/wp\/v2\/media?parent=5338"}],"wp:term":[{"taxonomy":"product_brand","embeddable":true,"href":"https:\/\/neuero.se\/fi\/wp-json\/wp\/v2\/product_brand?post=5338"},{"taxonomy":"product_cat","embeddable":true,"href":"https:\/\/neuero.se\/fi\/wp-json\/wp\/v2\/product_cat?post=5338"},{"taxonomy":"product_tag","embeddable":true,"href":"https:\/\/neuero.se\/fi\/wp-json\/wp\/v2\/product_tag?post=5338"}],"curies":[{"name":"wp","href":"https:\/\/api.w.org\/{rel}","templated":true}]}}