{"id":5315,"date":"2026-01-21T16:40:11","date_gmt":"2026-01-21T15:40:11","guid":{"rendered":"https:\/\/neuero.se\/?post_type=product&#038;p=5315"},"modified":"2026-01-22T08:12:43","modified_gmt":"2026-01-22T07:12:43","slug":"fyndvara-rorhallare-for-silostege-250mm","status":"publish","type":"product","link":"https:\/\/neuero.se\/fi\/tuote\/fyndvara-rorhallare-for-silostege-250mm\/","title":{"rendered":"FYNDVARA R\u00f6rh\u00e5llare f\u00f6r silostege 250mm"},"content":{"rendered":"<p>Endast underdel.<\/p>\n<p>Kan vara begagnad. Fint skick<\/p>\n","protected":false},"excerpt":{"rendered":"<p>Endast underdel. Kan vara begagnad. Fint skick<\/p>\n","protected":false},"featured_media":5327,"template":"","meta":{"_acf_changed":false},"product_brand":[],"product_cat":[169,39,48],"product_tag":[],"class_list":{"0":"post-5315","1":"product","2":"type-product","3":"status-publish","4":"has-post-thumbnail","6":"product_cat-fyndhorna","7":"product_cat-rordelar","8":"product_cat-silodelar","10":"first","11":"instock","12":"sale","13":"taxable","14":"shipping-taxable","15":"purchasable","16":"product-type-simple"},"acf":[],"_links":{"self":[{"href":"https:\/\/neuero.se\/fi\/wp-json\/wp\/v2\/product\/5315","targetHints":{"allow":["GET"]}}],"collection":[{"href":"https:\/\/neuero.se\/fi\/wp-json\/wp\/v2\/product"}],"about":[{"href":"https:\/\/neuero.se\/fi\/wp-json\/wp\/v2\/types\/product"}],"wp:featuredmedia":[{"embeddable":true,"href":"https:\/\/neuero.se\/fi\/wp-json\/wp\/v2\/media\/5327"}],"wp:attachment":[{"href":"https:\/\/neuero.se\/fi\/wp-json\/wp\/v2\/media?parent=5315"}],"wp:term":[{"taxonomy":"product_brand","embeddable":true,"href":"https:\/\/neuero.se\/fi\/wp-json\/wp\/v2\/product_brand?post=5315"},{"taxonomy":"product_cat","embeddable":true,"href":"https:\/\/neuero.se\/fi\/wp-json\/wp\/v2\/product_cat?post=5315"},{"taxonomy":"product_tag","embeddable":true,"href":"https:\/\/neuero.se\/fi\/wp-json\/wp\/v2\/product_tag?post=5315"}],"curies":[{"name":"wp","href":"https:\/\/api.w.org\/{rel}","templated":true}]}}