{"id":5314,"date":"2026-01-21T16:40:11","date_gmt":"2026-01-21T15:40:11","guid":{"rendered":"https:\/\/neuero.se\/?post_type=product&#038;p=5314"},"modified":"2026-01-22T11:38:11","modified_gmt":"2026-01-22T10:38:11","slug":"fyndvara-elmotor-till-roromkopplare","status":"publish","type":"product","link":"https:\/\/neuero.se\/fi\/tuote\/fyndvara-elmotor-till-roromkopplare\/","title":{"rendered":"FYNDVARA Elmotor till r\u00f6romkopplare"},"content":{"rendered":"<p>Med motor, reduktionsv\u00e4xell\u00e5da och vinkelv\u00e4xell\u00e5da.<\/p>\n<p>NORD 71L\/4<\/p>\n<p>OBS: Skadad vinkelv\u00e4xell\u00e5da. Se bilder<\/p>\n","protected":false},"excerpt":{"rendered":"<p>Med motor, reduktionsv\u00e4xell\u00e5da och vinkelv\u00e4xell\u00e5da. NORD 71L\/4 OBS: Skadad vinkelv\u00e4xell\u00e5da. Se bilder<\/p>\n","protected":false},"featured_media":5316,"template":"","meta":{"_acf_changed":false},"product_brand":[],"product_cat":[169,44,175],"product_tag":[],"class_list":{"0":"post-5314","1":"product","2":"type-product","3":"status-publish","4":"has-post-thumbnail","6":"product_cat-fyndhorna","7":"product_cat-rordelar-neuero-ensilage-utr","8":"product_cat-roromkopplare","10":"first","11":"instock","12":"sale","13":"taxable","14":"shipping-taxable","15":"purchasable","16":"product-type-simple"},"acf":[],"_links":{"self":[{"href":"https:\/\/neuero.se\/fi\/wp-json\/wp\/v2\/product\/5314","targetHints":{"allow":["GET"]}}],"collection":[{"href":"https:\/\/neuero.se\/fi\/wp-json\/wp\/v2\/product"}],"about":[{"href":"https:\/\/neuero.se\/fi\/wp-json\/wp\/v2\/types\/product"}],"wp:featuredmedia":[{"embeddable":true,"href":"https:\/\/neuero.se\/fi\/wp-json\/wp\/v2\/media\/5316"}],"wp:attachment":[{"href":"https:\/\/neuero.se\/fi\/wp-json\/wp\/v2\/media?parent=5314"}],"wp:term":[{"taxonomy":"product_brand","embeddable":true,"href":"https:\/\/neuero.se\/fi\/wp-json\/wp\/v2\/product_brand?post=5314"},{"taxonomy":"product_cat","embeddable":true,"href":"https:\/\/neuero.se\/fi\/wp-json\/wp\/v2\/product_cat?post=5314"},{"taxonomy":"product_tag","embeddable":true,"href":"https:\/\/neuero.se\/fi\/wp-json\/wp\/v2\/product_tag?post=5314"}],"curies":[{"name":"wp","href":"https:\/\/api.w.org\/{rel}","templated":true}]}}