{"id":5307,"date":"2026-01-21T16:15:16","date_gmt":"2026-01-21T15:15:16","guid":{"rendered":"https:\/\/neuero.se\/?post_type=product&#038;p=5307"},"modified":"2026-01-21T16:22:40","modified_gmt":"2026-01-21T15:22:40","slug":"fyndvara-silopresslang-10-m","status":"publish","type":"product","link":"https:\/\/neuero.se\/fi\/tuote\/fyndvara-silopresslang-10-m\/","title":{"rendered":"FYNDVARA Silopresslang 10 m"},"content":{"rendered":"<p>L\u00e4tt begagnad silopresslang. Finns sp\u00e5r av smuts men inga skador.<\/p>\n<p>F\u00f6r 20 ft.-silo<\/p>\n<p>Observera att denna endast kommer som 1 del.<\/p>\n","protected":false},"excerpt":{"rendered":"<p>L\u00e4tt begagnad silopresslang. Finns sp\u00e5r av smuts men inga skador. F\u00f6r 20 ft.-silo Observera att denna endast kommer som 1 del.<\/p>\n","protected":false},"featured_media":5309,"template":"","meta":{"_acf_changed":false},"product_brand":[172],"product_cat":[169,38,58],"product_tag":[],"class_list":{"0":"post-5307","1":"product","2":"type-product","3":"status-publish","4":"has-post-thumbnail","6":"product_brand-neuero-farm-und-fordertechnik","7":"product_cat-fyndhorna","8":"product_cat-ovriga-produkter","9":"product_cat-siloduk-silopresslang","11":"first","12":"instock","13":"sale","14":"taxable","15":"shipping-taxable","16":"purchasable","17":"product-type-simple"},"acf":[],"_links":{"self":[{"href":"https:\/\/neuero.se\/fi\/wp-json\/wp\/v2\/product\/5307","targetHints":{"allow":["GET"]}}],"collection":[{"href":"https:\/\/neuero.se\/fi\/wp-json\/wp\/v2\/product"}],"about":[{"href":"https:\/\/neuero.se\/fi\/wp-json\/wp\/v2\/types\/product"}],"wp:featuredmedia":[{"embeddable":true,"href":"https:\/\/neuero.se\/fi\/wp-json\/wp\/v2\/media\/5309"}],"wp:attachment":[{"href":"https:\/\/neuero.se\/fi\/wp-json\/wp\/v2\/media?parent=5307"}],"wp:term":[{"taxonomy":"product_brand","embeddable":true,"href":"https:\/\/neuero.se\/fi\/wp-json\/wp\/v2\/product_brand?post=5307"},{"taxonomy":"product_cat","embeddable":true,"href":"https:\/\/neuero.se\/fi\/wp-json\/wp\/v2\/product_cat?post=5307"},{"taxonomy":"product_tag","embeddable":true,"href":"https:\/\/neuero.se\/fi\/wp-json\/wp\/v2\/product_tag?post=5307"}],"curies":[{"name":"wp","href":"https:\/\/api.w.org\/{rel}","templated":true}]}}