{"id":5306,"date":"2026-01-21T15:45:10","date_gmt":"2026-01-21T14:45:10","guid":{"rendered":"https:\/\/neuero.se\/?post_type=product&#038;p=5306"},"modified":"2026-01-21T16:25:25","modified_gmt":"2026-01-21T15:25:25","slug":"fyndvara-silopresslang-10-m-20-ft-2-delar-beg","status":"publish","type":"product","link":"https:\/\/neuero.se\/fi\/tuote\/fyndvara-silopresslang-10-m-20-ft-2-delar-beg\/","title":{"rendered":"FYNDVARA Silopresslang 10 m"},"content":{"rendered":"<p>L\u00e4tt begagnad silopresslang. Kan finnas sp\u00e5r av smuts men inga skador.<\/p>\n<p>Levereras i par (2 st).<\/p>\n<p>F\u00f6r 20 ft.-silo<\/p>\n","protected":false},"excerpt":{"rendered":"<p>L\u00e4tt begagnad silopresslang. Kan finnas sp\u00e5r av smuts men inga skador. Levereras i par (2 st). F\u00f6r 20 ft.-silo<\/p>\n","protected":false},"featured_media":5312,"template":"","meta":{"_acf_changed":false},"product_brand":[],"product_cat":[169,38,48],"product_tag":[],"class_list":{"0":"post-5306","1":"product","2":"type-product","3":"status-publish","4":"has-post-thumbnail","6":"product_cat-fyndhorna","7":"product_cat-ovriga-produkter","8":"product_cat-silodelar","10":"first","11":"instock","12":"sale","13":"taxable","14":"shipping-taxable","15":"purchasable","16":"product-type-simple"},"acf":[],"_links":{"self":[{"href":"https:\/\/neuero.se\/fi\/wp-json\/wp\/v2\/product\/5306","targetHints":{"allow":["GET"]}}],"collection":[{"href":"https:\/\/neuero.se\/fi\/wp-json\/wp\/v2\/product"}],"about":[{"href":"https:\/\/neuero.se\/fi\/wp-json\/wp\/v2\/types\/product"}],"wp:featuredmedia":[{"embeddable":true,"href":"https:\/\/neuero.se\/fi\/wp-json\/wp\/v2\/media\/5312"}],"wp:attachment":[{"href":"https:\/\/neuero.se\/fi\/wp-json\/wp\/v2\/media?parent=5306"}],"wp:term":[{"taxonomy":"product_brand","embeddable":true,"href":"https:\/\/neuero.se\/fi\/wp-json\/wp\/v2\/product_brand?post=5306"},{"taxonomy":"product_cat","embeddable":true,"href":"https:\/\/neuero.se\/fi\/wp-json\/wp\/v2\/product_cat?post=5306"},{"taxonomy":"product_tag","embeddable":true,"href":"https:\/\/neuero.se\/fi\/wp-json\/wp\/v2\/product_tag?post=5306"}],"curies":[{"name":"wp","href":"https:\/\/api.w.org\/{rel}","templated":true}]}}