{"id":5257,"date":"2026-01-16T13:40:20","date_gmt":"2026-01-16T12:40:20","guid":{"rendered":"https:\/\/neuero.se\/?post_type=product&#038;p=5257"},"modified":"2026-04-10T10:43:09","modified_gmt":"2026-04-10T09:43:09","slug":"elmotor-for-plogdrift","status":"publish","type":"product","link":"https:\/\/neuero.se\/fi\/tuote\/elmotor-for-plogdrift\/","title":{"rendered":"Elmotor F\u00f6r Plogdrift"},"content":{"rendered":"<p>Passar samtliga v\u00e4xell\u00e5der f\u00f6r plogdrift.<\/p>\n","protected":false},"excerpt":{"rendered":"<p>Passar samtliga v\u00e4xell\u00e5der f\u00f6r plogdrift.<\/p>\n","protected":false},"featured_media":5249,"template":"","meta":{"_acf_changed":false},"product_brand":[171],"product_cat":[65,78,34],"product_tag":[],"class_list":{"0":"post-5257","1":"product","2":"type-product","3":"status-publish","4":"has-post-thumbnail","6":"product_brand-valmetal","7":"product_cat-plogar-med-tillbehor","8":"product_cat-bandfoderfordelare","9":"product_cat-valmetal-delar","11":"first","12":"instock","13":"taxable","14":"shipping-taxable","15":"purchasable","16":"product-type-simple"},"acf":[],"_links":{"self":[{"href":"https:\/\/neuero.se\/fi\/wp-json\/wp\/v2\/product\/5257","targetHints":{"allow":["GET"]}}],"collection":[{"href":"https:\/\/neuero.se\/fi\/wp-json\/wp\/v2\/product"}],"about":[{"href":"https:\/\/neuero.se\/fi\/wp-json\/wp\/v2\/types\/product"}],"wp:featuredmedia":[{"embeddable":true,"href":"https:\/\/neuero.se\/fi\/wp-json\/wp\/v2\/media\/5249"}],"wp:attachment":[{"href":"https:\/\/neuero.se\/fi\/wp-json\/wp\/v2\/media?parent=5257"}],"wp:term":[{"taxonomy":"product_brand","embeddable":true,"href":"https:\/\/neuero.se\/fi\/wp-json\/wp\/v2\/product_brand?post=5257"},{"taxonomy":"product_cat","embeddable":true,"href":"https:\/\/neuero.se\/fi\/wp-json\/wp\/v2\/product_cat?post=5257"},{"taxonomy":"product_tag","embeddable":true,"href":"https:\/\/neuero.se\/fi\/wp-json\/wp\/v2\/product_tag?post=5257"}],"curies":[{"name":"wp","href":"https:\/\/api.w.org\/{rel}","templated":true}]}}