{"id":4924,"date":"2025-11-13T14:20:25","date_gmt":"2025-11-13T13:20:25","guid":{"rendered":"https:\/\/neuero.se\/?post_type=product&#038;p=4924"},"modified":"2026-02-05T09:58:17","modified_gmt":"2026-02-05T08:58:17","slug":"kantskarare-kniv-los-u-faste","status":"publish","type":"product","link":"https:\/\/neuero.se\/fi\/tuote\/kantskarare-kniv-los-u-faste\/","title":{"rendered":"Kniv Till Kantsk\u00e4rare"},"content":{"rendered":"<p>B\u00f6rjar din kantsk\u00e4rare att sk\u00e4ra litet d\u00e5ligt? Var bara lugn, vi har ny knivar som \u00e4r enkla att byta.<\/p>\n<p>Passar till v\u00e5r v\u00e4lk\u00e4nda kantsk\u00e4rare.<\/p>\n<p>F\u00e4sten och skruv k\u00f6ps separat.<\/p>\n","protected":false},"excerpt":{"rendered":"<p>B\u00f6rjar din kantsk\u00e4rare att sk\u00e4ra litet d\u00e5ligt? Var bara lugn, vi har ny knivar som \u00e4r enkla att byta. Passar till v\u00e5r v\u00e4lk\u00e4nda kantsk\u00e4rare. F\u00e4sten och skruv k\u00f6ps separat.<\/p>\n","protected":false},"featured_media":5553,"template":"","meta":{"_acf_changed":false},"product_brand":[172],"product_cat":[28,29,389],"product_tag":[],"class_list":{"0":"post-4924","1":"product","2":"type-product","3":"status-publish","4":"has-post-thumbnail","6":"product_brand-neuero-farm-und-fordertechnik","7":"product_cat-neuero-ensilage-utr","8":"product_cat-fylltommare","9":"product_cat-kantskarare","11":"first","12":"instock","13":"taxable","14":"shipping-taxable","15":"purchasable","16":"product-type-simple"},"acf":[],"_links":{"self":[{"href":"https:\/\/neuero.se\/fi\/wp-json\/wp\/v2\/product\/4924","targetHints":{"allow":["GET"]}}],"collection":[{"href":"https:\/\/neuero.se\/fi\/wp-json\/wp\/v2\/product"}],"about":[{"href":"https:\/\/neuero.se\/fi\/wp-json\/wp\/v2\/types\/product"}],"wp:featuredmedia":[{"embeddable":true,"href":"https:\/\/neuero.se\/fi\/wp-json\/wp\/v2\/media\/5553"}],"wp:attachment":[{"href":"https:\/\/neuero.se\/fi\/wp-json\/wp\/v2\/media?parent=4924"}],"wp:term":[{"taxonomy":"product_brand","embeddable":true,"href":"https:\/\/neuero.se\/fi\/wp-json\/wp\/v2\/product_brand?post=4924"},{"taxonomy":"product_cat","embeddable":true,"href":"https:\/\/neuero.se\/fi\/wp-json\/wp\/v2\/product_cat?post=4924"},{"taxonomy":"product_tag","embeddable":true,"href":"https:\/\/neuero.se\/fi\/wp-json\/wp\/v2\/product_tag?post=4924"}],"curies":[{"name":"wp","href":"https:\/\/api.w.org\/{rel}","templated":true}]}}