{"id":4920,"date":"2025-11-13T14:20:24","date_gmt":"2025-11-13T13:20:24","guid":{"rendered":"https:\/\/neuero.se\/?post_type=product&#038;p=4920"},"modified":"2026-03-09T12:33:07","modified_gmt":"2026-03-09T11:33:07","slug":"luftgummihjul-till-kantskarare","status":"publish","type":"product","link":"https:\/\/neuero.se\/fi\/tuote\/luftgummihjul-till-kantskarare\/","title":{"rendered":"Luftgummihjul Till Kantsk\u00e4rare"},"content":{"rendered":"<p>Har din kantsk\u00e4rare f\u00e5tt punktering eller b\u00f6rjar d\u00e4cken bli slitna? Vi har nya d\u00e4ck som passar din kantsk\u00e4rare!<\/p>\n<p>Passar v\u00e5ra kantsk\u00e4rare.<\/p>\n","protected":false},"excerpt":{"rendered":"<p>Har din kantsk\u00e4rare f\u00e5tt punktering eller b\u00f6rjar d\u00e4cken bli slitna? Vi har nya d\u00e4ck som passar din kantsk\u00e4rare! Passar v\u00e5ra kantsk\u00e4rare.<\/p>\n","protected":false},"featured_media":5551,"template":"","meta":{"_acf_changed":false},"product_brand":[172],"product_cat":[28,29,389],"product_tag":[],"class_list":{"0":"post-4920","1":"product","2":"type-product","3":"status-publish","4":"has-post-thumbnail","6":"product_brand-neuero-farm-und-fordertechnik","7":"product_cat-neuero-ensilage-utr","8":"product_cat-fylltommare","9":"product_cat-kantskarare","11":"first","12":"instock","13":"taxable","14":"shipping-taxable","15":"purchasable","16":"product-type-simple"},"acf":[],"_links":{"self":[{"href":"https:\/\/neuero.se\/fi\/wp-json\/wp\/v2\/product\/4920","targetHints":{"allow":["GET"]}}],"collection":[{"href":"https:\/\/neuero.se\/fi\/wp-json\/wp\/v2\/product"}],"about":[{"href":"https:\/\/neuero.se\/fi\/wp-json\/wp\/v2\/types\/product"}],"wp:featuredmedia":[{"embeddable":true,"href":"https:\/\/neuero.se\/fi\/wp-json\/wp\/v2\/media\/5551"}],"wp:attachment":[{"href":"https:\/\/neuero.se\/fi\/wp-json\/wp\/v2\/media?parent=4920"}],"wp:term":[{"taxonomy":"product_brand","embeddable":true,"href":"https:\/\/neuero.se\/fi\/wp-json\/wp\/v2\/product_brand?post=4920"},{"taxonomy":"product_cat","embeddable":true,"href":"https:\/\/neuero.se\/fi\/wp-json\/wp\/v2\/product_cat?post=4920"},{"taxonomy":"product_tag","embeddable":true,"href":"https:\/\/neuero.se\/fi\/wp-json\/wp\/v2\/product_tag?post=4920"}],"curies":[{"name":"wp","href":"https:\/\/api.w.org\/{rel}","templated":true}]}}