{"id":4875,"date":"2025-11-07T13:10:48","date_gmt":"2025-11-07T12:10:48","guid":{"rendered":"https:\/\/neuero.se\/?post_type=product&#038;p=4875"},"modified":"2026-04-17T14:55:12","modified_gmt":"2026-04-17T13:55:12","slug":"krysskil-for-kedjedrev","status":"publish","type":"product","link":"https:\/\/neuero.se\/fi\/tuote\/krysskil-for-kedjedrev\/","title":{"rendered":"Krysskil f\u00f6r Kedjedrev"},"content":{"rendered":"<p>F\u00f6r drivmotor m\u00e4rkt W110.<\/p>\n<p>\u00c5tg\u00e5r 1 st per drev.<\/p>\n","protected":false},"excerpt":{"rendered":"<p>F\u00f6r drivmotor m\u00e4rkt W110. \u00c5tg\u00e5r 1 st per drev.<\/p>\n","protected":false},"featured_media":6152,"template":"","meta":{"_acf_changed":false},"product_brand":[172],"product_cat":[149,104,147],"product_tag":[],"class_list":{"0":"post-4875","1":"product","2":"type-product","3":"status-publish","4":"has-post-thumbnail","6":"product_brand-neuero-farm-und-fordertechnik","7":"product_cat-fylltommare-fi","8":"product_cat-osat-nas-taytto-ja-tyhjennyskoneelle","9":"product_cat-neuero-ensilage-utr-fi","11":"first","12":"instock","13":"taxable","14":"shipping-taxable","15":"purchasable","16":"product-type-simple"},"acf":[],"_links":{"self":[{"href":"https:\/\/neuero.se\/fi\/wp-json\/wp\/v2\/product\/4875","targetHints":{"allow":["GET"]}}],"collection":[{"href":"https:\/\/neuero.se\/fi\/wp-json\/wp\/v2\/product"}],"about":[{"href":"https:\/\/neuero.se\/fi\/wp-json\/wp\/v2\/types\/product"}],"wp:featuredmedia":[{"embeddable":true,"href":"https:\/\/neuero.se\/fi\/wp-json\/wp\/v2\/media\/6152"}],"wp:attachment":[{"href":"https:\/\/neuero.se\/fi\/wp-json\/wp\/v2\/media?parent=4875"}],"wp:term":[{"taxonomy":"product_brand","embeddable":true,"href":"https:\/\/neuero.se\/fi\/wp-json\/wp\/v2\/product_brand?post=4875"},{"taxonomy":"product_cat","embeddable":true,"href":"https:\/\/neuero.se\/fi\/wp-json\/wp\/v2\/product_cat?post=4875"},{"taxonomy":"product_tag","embeddable":true,"href":"https:\/\/neuero.se\/fi\/wp-json\/wp\/v2\/product_tag?post=4875"}],"curies":[{"name":"wp","href":"https:\/\/api.w.org\/{rel}","templated":true}]}}