{"id":4874,"date":"2025-11-07T13:10:48","date_gmt":"2025-11-07T12:10:48","guid":{"rendered":"https:\/\/neuero.se\/?post_type=product&#038;p=4874"},"modified":"2026-04-20T10:58:08","modified_gmt":"2026-04-20T09:58:08","slug":"krysskil-for-motoraxel","status":"publish","type":"product","link":"https:\/\/neuero.se\/fi\/tuote\/krysskil-for-motoraxel\/","title":{"rendered":"Krysskil f\u00f6r Motoraxel"},"content":{"rendered":"<p>F\u00f6r v\u00e4xell\u00e5da m\u00e4rkt W110.<\/p>\n<p>\u00c5tg\u00e5r 2 st per motoraxel<\/p>\n","protected":false},"excerpt":{"rendered":"<p>F\u00f6r v\u00e4xell\u00e5da m\u00e4rkt W110. \u00c5tg\u00e5r 2 st per motoraxel<\/p>\n","protected":false},"featured_media":6149,"template":"","meta":{"_acf_changed":false},"product_brand":[172],"product_cat":[31,29,28],"product_tag":[],"class_list":{"0":"post-4874","1":"product","2":"type-product","3":"status-publish","4":"has-post-thumbnail","6":"product_brand-neuero-farm-und-fordertechnik","7":"product_cat-delar-till-nas-fylltommare","8":"product_cat-fylltommare","9":"product_cat-neuero-ensilage-utr","11":"first","12":"instock","13":"taxable","14":"shipping-taxable","15":"purchasable","16":"product-type-simple"},"acf":[],"_links":{"self":[{"href":"https:\/\/neuero.se\/fi\/wp-json\/wp\/v2\/product\/4874","targetHints":{"allow":["GET"]}}],"collection":[{"href":"https:\/\/neuero.se\/fi\/wp-json\/wp\/v2\/product"}],"about":[{"href":"https:\/\/neuero.se\/fi\/wp-json\/wp\/v2\/types\/product"}],"wp:featuredmedia":[{"embeddable":true,"href":"https:\/\/neuero.se\/fi\/wp-json\/wp\/v2\/media\/6149"}],"wp:attachment":[{"href":"https:\/\/neuero.se\/fi\/wp-json\/wp\/v2\/media?parent=4874"}],"wp:term":[{"taxonomy":"product_brand","embeddable":true,"href":"https:\/\/neuero.se\/fi\/wp-json\/wp\/v2\/product_brand?post=4874"},{"taxonomy":"product_cat","embeddable":true,"href":"https:\/\/neuero.se\/fi\/wp-json\/wp\/v2\/product_cat?post=4874"},{"taxonomy":"product_tag","embeddable":true,"href":"https:\/\/neuero.se\/fi\/wp-json\/wp\/v2\/product_tag?post=4874"}],"curies":[{"name":"wp","href":"https:\/\/api.w.org\/{rel}","templated":true}]}}