{"id":4870,"date":"2025-11-07T13:10:47","date_gmt":"2025-11-07T12:10:47","guid":{"rendered":"https:\/\/neuero.se\/?post_type=product&#038;p=4870"},"modified":"2025-11-25T09:40:07","modified_gmt":"2025-11-25T08:40:07","slug":"potentiometrar-till-n3-rela","status":"publish","type":"product","link":"https:\/\/neuero.se\/fi\/tuote\/potentiometrar-till-n3-rela\/","title":{"rendered":"potentiometrar till N3-rel\u00e4"},"content":{"rendered":"<p>Passar till det gamla styrsk\u00e5pet med vred p\u00e5 utsidan.<\/p>\n<p>Knoppar och skaltavlor ing\u00e5r.<\/p>\n<p>Passar AS<\/p>\n","protected":false},"excerpt":{"rendered":"<p>Passar till det gamla styrsk\u00e5pet med vred p\u00e5 utsidan. Knoppar och skaltavlor ing\u00e5r. Passar AS<\/p>\n","protected":false},"featured_media":5075,"template":"","meta":{"_acf_changed":false},"product_brand":[172],"product_cat":[28,30,29],"product_tag":[],"class_list":{"0":"post-4870","1":"product","2":"type-product","3":"status-publish","4":"has-post-thumbnail","6":"product_brand-neuero-farm-und-fordertechnik","7":"product_cat-neuero-ensilage-utr","8":"product_cat-delar-till-as-fylltommare","9":"product_cat-fylltommare","11":"first","12":"instock","13":"taxable","14":"shipping-taxable","15":"purchasable","16":"product-type-simple"},"acf":[],"_links":{"self":[{"href":"https:\/\/neuero.se\/fi\/wp-json\/wp\/v2\/product\/4870","targetHints":{"allow":["GET"]}}],"collection":[{"href":"https:\/\/neuero.se\/fi\/wp-json\/wp\/v2\/product"}],"about":[{"href":"https:\/\/neuero.se\/fi\/wp-json\/wp\/v2\/types\/product"}],"wp:featuredmedia":[{"embeddable":true,"href":"https:\/\/neuero.se\/fi\/wp-json\/wp\/v2\/media\/5075"}],"wp:attachment":[{"href":"https:\/\/neuero.se\/fi\/wp-json\/wp\/v2\/media?parent=4870"}],"wp:term":[{"taxonomy":"product_brand","embeddable":true,"href":"https:\/\/neuero.se\/fi\/wp-json\/wp\/v2\/product_brand?post=4870"},{"taxonomy":"product_cat","embeddable":true,"href":"https:\/\/neuero.se\/fi\/wp-json\/wp\/v2\/product_cat?post=4870"},{"taxonomy":"product_tag","embeddable":true,"href":"https:\/\/neuero.se\/fi\/wp-json\/wp\/v2\/product_tag?post=4870"}],"curies":[{"name":"wp","href":"https:\/\/api.w.org\/{rel}","templated":true}]}}