{"id":4868,"date":"2025-11-07T13:10:46","date_gmt":"2025-11-07T12:10:46","guid":{"rendered":"https:\/\/neuero.se\/?post_type=product&#038;p=4868"},"modified":"2025-11-18T11:53:47","modified_gmt":"2025-11-18T10:53:47","slug":"kontakt-for-vinsch-hona","status":"publish","type":"product","link":"https:\/\/neuero.se\/fi\/tuote\/kontakt-for-vinsch-hona\/","title":{"rendered":"Kontakt f\u00f6r vinsch &#8211; hona"},"content":{"rendered":"<p>Passar NAS (vinsch monterad p\u00e5 fyllt\u00f6mmaren)<\/p>\n","protected":false},"excerpt":{"rendered":"<p>Passar NAS (vinsch monterad p\u00e5 fyllt\u00f6mmaren)<\/p>\n","protected":false},"featured_media":4997,"template":"","meta":{"_acf_changed":false},"product_brand":[172],"product_cat":[149,104,147],"product_tag":[],"class_list":{"0":"post-4868","1":"product","2":"type-product","3":"status-publish","4":"has-post-thumbnail","6":"product_brand-neuero-farm-und-fordertechnik","7":"product_cat-fylltommare-fi","8":"product_cat-osat-nas-taytto-ja-tyhjennyskoneelle","9":"product_cat-neuero-ensilage-utr-fi","11":"first","12":"instock","13":"taxable","14":"shipping-taxable","15":"purchasable","16":"product-type-simple"},"acf":[],"_links":{"self":[{"href":"https:\/\/neuero.se\/fi\/wp-json\/wp\/v2\/product\/4868","targetHints":{"allow":["GET"]}}],"collection":[{"href":"https:\/\/neuero.se\/fi\/wp-json\/wp\/v2\/product"}],"about":[{"href":"https:\/\/neuero.se\/fi\/wp-json\/wp\/v2\/types\/product"}],"wp:featuredmedia":[{"embeddable":true,"href":"https:\/\/neuero.se\/fi\/wp-json\/wp\/v2\/media\/4997"}],"wp:attachment":[{"href":"https:\/\/neuero.se\/fi\/wp-json\/wp\/v2\/media?parent=4868"}],"wp:term":[{"taxonomy":"product_brand","embeddable":true,"href":"https:\/\/neuero.se\/fi\/wp-json\/wp\/v2\/product_brand?post=4868"},{"taxonomy":"product_cat","embeddable":true,"href":"https:\/\/neuero.se\/fi\/wp-json\/wp\/v2\/product_cat?post=4868"},{"taxonomy":"product_tag","embeddable":true,"href":"https:\/\/neuero.se\/fi\/wp-json\/wp\/v2\/product_tag?post=4868"}],"curies":[{"name":"wp","href":"https:\/\/api.w.org\/{rel}","templated":true}]}}