{"id":4865,"date":"2025-11-07T13:10:46","date_gmt":"2025-11-07T12:10:46","guid":{"rendered":"https:\/\/neuero.se\/?post_type=product&#038;p=4865"},"modified":"2026-03-20T16:08:09","modified_gmt":"2026-03-20T15:08:09","slug":"takgenomgang-310mm","status":"publish","type":"product","link":"https:\/\/neuero.se\/fi\/tuote\/takgenomgang-310mm\/","title":{"rendered":"Takgenomg\u00e5ng 310mm"},"content":{"rendered":"<p>F\u00f6r r\u00f6rdiameter 310 mm<\/p>\n","protected":false},"excerpt":{"rendered":"<p>F\u00f6r r\u00f6rdiameter 310 mm<\/p>\n","protected":false},"featured_media":4941,"template":"","meta":{"_acf_changed":false},"product_brand":[172],"product_cat":[69,70],"product_tag":[],"class_list":{"0":"post-4865","1":"product","2":"type-product","3":"status-publish","4":"has-post-thumbnail","6":"product_brand-neuero-farm-und-fordertechnik","7":"product_cat-permastore-silo-tankar","8":"product_cat-silo","10":"first","11":"instock","12":"taxable","13":"shipping-taxable","14":"purchasable","15":"product-type-simple"},"acf":[],"_links":{"self":[{"href":"https:\/\/neuero.se\/fi\/wp-json\/wp\/v2\/product\/4865","targetHints":{"allow":["GET"]}}],"collection":[{"href":"https:\/\/neuero.se\/fi\/wp-json\/wp\/v2\/product"}],"about":[{"href":"https:\/\/neuero.se\/fi\/wp-json\/wp\/v2\/types\/product"}],"wp:featuredmedia":[{"embeddable":true,"href":"https:\/\/neuero.se\/fi\/wp-json\/wp\/v2\/media\/4941"}],"wp:attachment":[{"href":"https:\/\/neuero.se\/fi\/wp-json\/wp\/v2\/media?parent=4865"}],"wp:term":[{"taxonomy":"product_brand","embeddable":true,"href":"https:\/\/neuero.se\/fi\/wp-json\/wp\/v2\/product_brand?post=4865"},{"taxonomy":"product_cat","embeddable":true,"href":"https:\/\/neuero.se\/fi\/wp-json\/wp\/v2\/product_cat?post=4865"},{"taxonomy":"product_tag","embeddable":true,"href":"https:\/\/neuero.se\/fi\/wp-json\/wp\/v2\/product_tag?post=4865"}],"curies":[{"name":"wp","href":"https:\/\/api.w.org\/{rel}","templated":true}]}}