{"id":4864,"date":"2025-11-07T13:10:45","date_gmt":"2025-11-07T12:10:45","guid":{"rendered":"https:\/\/neuero.se\/?post_type=product&#038;p=4864"},"modified":"2026-03-05T15:47:19","modified_gmt":"2026-03-05T14:47:19","slug":"rorsvep-380-mm-galvat","status":"publish","type":"product","link":"https:\/\/neuero.se\/fi\/tuote\/rorsvep-380-mm-galvat\/","title":{"rendered":"R\u00f6rsvep 380 mm. Galvat"},"content":{"rendered":"<p>T\u00e4tningslist k\u00f6ps separat.<\/p>\n","protected":false},"excerpt":{"rendered":"<p>T\u00e4tningslist k\u00f6ps separat.<\/p>\n","protected":false},"featured_media":5933,"template":"","meta":{"_acf_changed":false},"product_brand":[172],"product_cat":[73,41,28,44,60],"product_tag":[],"class_list":{"0":"post-4864","1":"product","2":"type-product","3":"status-publish","4":"has-post-thumbnail","6":"product_brand-neuero-farm-und-fordertechnik","7":"product_cat-tillbehor-ror-fasten-etc","8":"product_cat-delar-till-kastflaktar","9":"product_cat-neuero-ensilage-utr","10":"product_cat-rordelar-neuero-ensilage-utr","11":"product_cat-rordelar-380-mm","13":"first","14":"instock","15":"taxable","16":"shipping-taxable","17":"purchasable","18":"product-type-simple"},"acf":[],"_links":{"self":[{"href":"https:\/\/neuero.se\/fi\/wp-json\/wp\/v2\/product\/4864","targetHints":{"allow":["GET"]}}],"collection":[{"href":"https:\/\/neuero.se\/fi\/wp-json\/wp\/v2\/product"}],"about":[{"href":"https:\/\/neuero.se\/fi\/wp-json\/wp\/v2\/types\/product"}],"wp:featuredmedia":[{"embeddable":true,"href":"https:\/\/neuero.se\/fi\/wp-json\/wp\/v2\/media\/5933"}],"wp:attachment":[{"href":"https:\/\/neuero.se\/fi\/wp-json\/wp\/v2\/media?parent=4864"}],"wp:term":[{"taxonomy":"product_brand","embeddable":true,"href":"https:\/\/neuero.se\/fi\/wp-json\/wp\/v2\/product_brand?post=4864"},{"taxonomy":"product_cat","embeddable":true,"href":"https:\/\/neuero.se\/fi\/wp-json\/wp\/v2\/product_cat?post=4864"},{"taxonomy":"product_tag","embeddable":true,"href":"https:\/\/neuero.se\/fi\/wp-json\/wp\/v2\/product_tag?post=4864"}],"curies":[{"name":"wp","href":"https:\/\/api.w.org\/{rel}","templated":true}]}}