{"id":4855,"date":"2025-11-07T13:10:44","date_gmt":"2025-11-07T12:10:44","guid":{"rendered":"https:\/\/neuero.se\/?post_type=product&#038;p=4855"},"modified":"2025-11-13T14:27:12","modified_gmt":"2025-11-13T13:27:12","slug":"hallare","status":"publish","type":"product","link":"https:\/\/neuero.se\/fi\/tuote\/hallare\/","title":{"rendered":"H\u00e5llare"},"content":{"rendered":"<p>\u00d6verfall och skruv ing\u00e5r inte.<\/p>\n<p>Passar NAS<\/p>\n","protected":false},"excerpt":{"rendered":"<p>\u00d6verfall och skruv ing\u00e5r inte. Passar NAS<\/p>\n","protected":false},"featured_media":4935,"template":"","meta":{"_acf_changed":false},"product_brand":[172],"product_cat":[149,104,147],"product_tag":[],"class_list":{"0":"post-4855","1":"product","2":"type-product","3":"status-publish","4":"has-post-thumbnail","6":"product_brand-neuero-farm-und-fordertechnik","7":"product_cat-fylltommare-fi","8":"product_cat-osat-nas-taytto-ja-tyhjennyskoneelle","9":"product_cat-neuero-ensilage-utr-fi","11":"first","12":"instock","13":"taxable","14":"shipping-taxable","15":"purchasable","16":"product-type-simple"},"acf":[],"_links":{"self":[{"href":"https:\/\/neuero.se\/fi\/wp-json\/wp\/v2\/product\/4855","targetHints":{"allow":["GET"]}}],"collection":[{"href":"https:\/\/neuero.se\/fi\/wp-json\/wp\/v2\/product"}],"about":[{"href":"https:\/\/neuero.se\/fi\/wp-json\/wp\/v2\/types\/product"}],"wp:featuredmedia":[{"embeddable":true,"href":"https:\/\/neuero.se\/fi\/wp-json\/wp\/v2\/media\/4935"}],"wp:attachment":[{"href":"https:\/\/neuero.se\/fi\/wp-json\/wp\/v2\/media?parent=4855"}],"wp:term":[{"taxonomy":"product_brand","embeddable":true,"href":"https:\/\/neuero.se\/fi\/wp-json\/wp\/v2\/product_brand?post=4855"},{"taxonomy":"product_cat","embeddable":true,"href":"https:\/\/neuero.se\/fi\/wp-json\/wp\/v2\/product_cat?post=4855"},{"taxonomy":"product_tag","embeddable":true,"href":"https:\/\/neuero.se\/fi\/wp-json\/wp\/v2\/product_tag?post=4855"}],"curies":[{"name":"wp","href":"https:\/\/api.w.org\/{rel}","templated":true}]}}