{"id":4846,"date":"2025-11-07T13:10:42","date_gmt":"2025-11-07T12:10:42","guid":{"rendered":"https:\/\/neuero.se\/?post_type=product&#038;p=4846"},"modified":"2026-04-08T14:38:06","modified_gmt":"2026-04-08T13:38:06","slug":"vinschmotor-med-vaxellada","status":"publish","type":"product","link":"https:\/\/neuero.se\/fi\/tuote\/vinschmotor-med-vaxellada\/","title":{"rendered":"Vinschmotor med V\u00e4xell\u00e5da"},"content":{"rendered":"<p>F\u00f6r fyllt\u00f6mmare med vinschen p\u00e5 utsidan av silon.<\/p>\n<p>Observera: Medf\u00f6ljande avluftningsplugg m\u00e5ste monteras. Detta g\u00f6res genom att ers\u00e4tta den \u00f6vre p\u00e5fyllningspluggen med avluftningspluggen. Om detta inte g\u00f6res, kommer v\u00e4xell\u00e5dan att l\u00e4cka olja.<\/p>\n","protected":false},"excerpt":{"rendered":"<p>F\u00f6r fyllt\u00f6mmare med vinschen p\u00e5 utsidan av silon. Observera: Medf\u00f6ljande avluftningsplugg m\u00e5ste monteras. Detta g\u00f6res genom att ers\u00e4tta den \u00f6vre p\u00e5fyllningspluggen med avluftningspluggen. Om detta inte g\u00f6res, kommer v\u00e4xell\u00e5dan att &#8230;<\/p>\n","protected":false},"featured_media":4877,"template":"","meta":{"_acf_changed":false},"product_brand":[172],"product_cat":[29,30,28,232],"product_tag":[],"class_list":{"0":"post-4846","1":"product","2":"type-product","3":"status-publish","4":"has-post-thumbnail","6":"product_brand-neuero-farm-und-fordertechnik","7":"product_cat-fylltommare","8":"product_cat-delar-till-as-fylltommare","9":"product_cat-neuero-ensilage-utr","10":"product_cat-of","12":"first","13":"instock","14":"taxable","15":"shipping-taxable","16":"purchasable","17":"product-type-simple"},"acf":[],"_links":{"self":[{"href":"https:\/\/neuero.se\/fi\/wp-json\/wp\/v2\/product\/4846","targetHints":{"allow":["GET"]}}],"collection":[{"href":"https:\/\/neuero.se\/fi\/wp-json\/wp\/v2\/product"}],"about":[{"href":"https:\/\/neuero.se\/fi\/wp-json\/wp\/v2\/types\/product"}],"wp:featuredmedia":[{"embeddable":true,"href":"https:\/\/neuero.se\/fi\/wp-json\/wp\/v2\/media\/4877"}],"wp:attachment":[{"href":"https:\/\/neuero.se\/fi\/wp-json\/wp\/v2\/media?parent=4846"}],"wp:term":[{"taxonomy":"product_brand","embeddable":true,"href":"https:\/\/neuero.se\/fi\/wp-json\/wp\/v2\/product_brand?post=4846"},{"taxonomy":"product_cat","embeddable":true,"href":"https:\/\/neuero.se\/fi\/wp-json\/wp\/v2\/product_cat?post=4846"},{"taxonomy":"product_tag","embeddable":true,"href":"https:\/\/neuero.se\/fi\/wp-json\/wp\/v2\/product_tag?post=4846"}],"curies":[{"name":"wp","href":"https:\/\/api.w.org\/{rel}","templated":true}]}}