{"id":4819,"date":"2025-11-07T13:10:34","date_gmt":"2025-11-07T12:10:34","guid":{"rendered":"https:\/\/neuero.se\/?post_type=product&#038;p=4819"},"modified":"2026-04-21T15:08:09","modified_gmt":"2026-04-21T14:08:09","slug":"kedja-for-vinsch-72-lank","status":"publish","type":"product","link":"https:\/\/neuero.se\/fi\/tuote\/kedja-for-vinsch-72-lank\/","title":{"rendered":"Kedja F\u00f6r Vinsch 72 l\u00e4nk"},"content":{"rendered":"<p>Passar f\u00f6r fyllt\u00f6mmare med vinsch monterad p\u00e5 utisdan av silov\u00e4ggen.<\/p>\n","protected":false},"excerpt":{"rendered":"<p>Passar f\u00f6r fyllt\u00f6mmare med vinsch monterad p\u00e5 utisdan av silov\u00e4ggen.<\/p>\n","protected":false},"featured_media":364,"template":"","meta":{"_acf_changed":false},"product_brand":[172],"product_cat":[102,149,147,232],"product_tag":[],"class_list":{"0":"post-4819","1":"product","2":"type-product","3":"status-publish","4":"has-post-thumbnail","6":"product_brand-neuero-farm-und-fordertechnik","7":"product_cat-osat-as-tayttokumppereihin","8":"product_cat-fylltommare-fi","9":"product_cat-neuero-ensilage-utr-fi","10":"product_cat-of","12":"first","13":"instock","14":"taxable","15":"shipping-taxable","16":"purchasable","17":"product-type-simple"},"acf":[],"_links":{"self":[{"href":"https:\/\/neuero.se\/fi\/wp-json\/wp\/v2\/product\/4819","targetHints":{"allow":["GET"]}}],"collection":[{"href":"https:\/\/neuero.se\/fi\/wp-json\/wp\/v2\/product"}],"about":[{"href":"https:\/\/neuero.se\/fi\/wp-json\/wp\/v2\/types\/product"}],"wp:featuredmedia":[{"embeddable":true,"href":"https:\/\/neuero.se\/fi\/wp-json\/wp\/v2\/media\/364"}],"wp:attachment":[{"href":"https:\/\/neuero.se\/fi\/wp-json\/wp\/v2\/media?parent=4819"}],"wp:term":[{"taxonomy":"product_brand","embeddable":true,"href":"https:\/\/neuero.se\/fi\/wp-json\/wp\/v2\/product_brand?post=4819"},{"taxonomy":"product_cat","embeddable":true,"href":"https:\/\/neuero.se\/fi\/wp-json\/wp\/v2\/product_cat?post=4819"},{"taxonomy":"product_tag","embeddable":true,"href":"https:\/\/neuero.se\/fi\/wp-json\/wp\/v2\/product_tag?post=4819"}],"curies":[{"name":"wp","href":"https:\/\/api.w.org\/{rel}","templated":true}]}}