{"id":4772,"date":"2025-11-07T13:10:23","date_gmt":"2025-11-07T12:10:23","guid":{"rendered":"https:\/\/neuero.se\/?post_type=product&#038;p=4772"},"modified":"2026-02-16T14:12:40","modified_gmt":"2026-02-16T13:12:40","slug":"vinsch-komplett","status":"publish","type":"product","link":"https:\/\/neuero.se\/fi\/tuote\/vinsch-komplett\/","title":{"rendered":"Vinsch (Komplett)"},"content":{"rendered":"<p>Passar AS och OF<\/p>\n<p>F\u00f6r Fyllt\u00f6mmare med vinsch monterad p\u00e5 silov\u00e4gg.<\/p>\n<p>Observera: Medf\u00f6ljande avluftningsplugg kan beh\u00f6va installeras genom att ers\u00e4tta den \u00f6vre p\u00e5fyllninngspluggen. Om inte detta g\u00f6res, kommer v\u00e4xell\u00e5dan att l\u00e4cka olja.<\/p>\n","protected":false},"excerpt":{"rendered":"<p>Passar AS och OF F\u00f6r Fyllt\u00f6mmare med vinsch monterad p\u00e5 silov\u00e4gg. Observera: Medf\u00f6ljande avluftningsplugg kan beh\u00f6va installeras genom att ers\u00e4tta den \u00f6vre p\u00e5fyllninngspluggen. Om inte detta g\u00f6res, kommer v\u00e4xell\u00e5dan att &#8230;<\/p>\n","protected":false},"featured_media":4900,"template":"","meta":{"_acf_changed":false},"product_brand":[172],"product_cat":[28,30,29,232],"product_tag":[],"class_list":{"0":"post-4772","1":"product","2":"type-product","3":"status-publish","4":"has-post-thumbnail","6":"product_brand-neuero-farm-und-fordertechnik","7":"product_cat-neuero-ensilage-utr","8":"product_cat-delar-till-as-fylltommare","9":"product_cat-fylltommare","10":"product_cat-of","12":"first","13":"instock","14":"taxable","15":"shipping-taxable","16":"purchasable","17":"product-type-simple"},"acf":[],"_links":{"self":[{"href":"https:\/\/neuero.se\/fi\/wp-json\/wp\/v2\/product\/4772","targetHints":{"allow":["GET"]}}],"collection":[{"href":"https:\/\/neuero.se\/fi\/wp-json\/wp\/v2\/product"}],"about":[{"href":"https:\/\/neuero.se\/fi\/wp-json\/wp\/v2\/types\/product"}],"wp:featuredmedia":[{"embeddable":true,"href":"https:\/\/neuero.se\/fi\/wp-json\/wp\/v2\/media\/4900"}],"wp:attachment":[{"href":"https:\/\/neuero.se\/fi\/wp-json\/wp\/v2\/media?parent=4772"}],"wp:term":[{"taxonomy":"product_brand","embeddable":true,"href":"https:\/\/neuero.se\/fi\/wp-json\/wp\/v2\/product_brand?post=4772"},{"taxonomy":"product_cat","embeddable":true,"href":"https:\/\/neuero.se\/fi\/wp-json\/wp\/v2\/product_cat?post=4772"},{"taxonomy":"product_tag","embeddable":true,"href":"https:\/\/neuero.se\/fi\/wp-json\/wp\/v2\/product_tag?post=4772"}],"curies":[{"name":"wp","href":"https:\/\/api.w.org\/{rel}","templated":true}]}}