{"id":4744,"date":"2025-11-07T13:10:17","date_gmt":"2025-11-07T12:10:17","guid":{"rendered":"https:\/\/neuero.se\/?post_type=product&#038;p=4744"},"modified":"2026-01-21T16:34:26","modified_gmt":"2026-01-21T15:34:26","slug":"hallare-for-granslagesbrytare-2","status":"publish","type":"product","link":"https:\/\/neuero.se\/fi\/tuote\/hallare-for-granslagesbrytare-2\/","title":{"rendered":"FYNDVARA H\u00e5llare F\u00f6r Gr\u00e4nsl\u00e4gesbrytare"},"content":{"rendered":"","protected":false},"excerpt":{"rendered":"","protected":false},"featured_media":4943,"template":"","meta":{"_acf_changed":false},"product_brand":[172],"product_cat":[169,29,31,28],"product_tag":[],"class_list":{"0":"post-4744","1":"product","2":"type-product","3":"status-publish","4":"has-post-thumbnail","6":"product_brand-neuero-farm-und-fordertechnik","7":"product_cat-fyndhorna","8":"product_cat-fylltommare","9":"product_cat-delar-till-nas-fylltommare","10":"product_cat-neuero-ensilage-utr","12":"first","13":"instock","14":"sale","15":"taxable","16":"shipping-taxable","17":"purchasable","18":"product-type-simple"},"acf":[],"_links":{"self":[{"href":"https:\/\/neuero.se\/fi\/wp-json\/wp\/v2\/product\/4744","targetHints":{"allow":["GET"]}}],"collection":[{"href":"https:\/\/neuero.se\/fi\/wp-json\/wp\/v2\/product"}],"about":[{"href":"https:\/\/neuero.se\/fi\/wp-json\/wp\/v2\/types\/product"}],"wp:featuredmedia":[{"embeddable":true,"href":"https:\/\/neuero.se\/fi\/wp-json\/wp\/v2\/media\/4943"}],"wp:attachment":[{"href":"https:\/\/neuero.se\/fi\/wp-json\/wp\/v2\/media?parent=4744"}],"wp:term":[{"taxonomy":"product_brand","embeddable":true,"href":"https:\/\/neuero.se\/fi\/wp-json\/wp\/v2\/product_brand?post=4744"},{"taxonomy":"product_cat","embeddable":true,"href":"https:\/\/neuero.se\/fi\/wp-json\/wp\/v2\/product_cat?post=4744"},{"taxonomy":"product_tag","embeddable":true,"href":"https:\/\/neuero.se\/fi\/wp-json\/wp\/v2\/product_tag?post=4744"}],"curies":[{"name":"wp","href":"https:\/\/api.w.org\/{rel}","templated":true}]}}