{"id":4739,"date":"2025-11-07T13:10:16","date_gmt":"2025-11-07T12:10:16","guid":{"rendered":"https:\/\/neuero.se\/?post_type=product&#038;p=4739"},"modified":"2026-01-21T17:01:05","modified_gmt":"2026-01-21T16:01:05","slug":"lankarm-dubbeldrift-da","status":"publish","type":"product","link":"https:\/\/neuero.se\/fi\/tuote\/lankarm-dubbeldrift-da\/","title":{"rendered":"L\u00e4nkarm dubbeldrift DA"},"content":{"rendered":"<p>OBS: Begagnad &#8211; finns l\u00e4ttare sk\u00f6nhetsfel men inget som p\u00e5verkar funktionen.<\/p>\n<p>Det som syns p\u00e5 bilden ing\u00e5r.<\/p>\n","protected":false},"excerpt":{"rendered":"<p>OBS: Begagnad &#8211; finns l\u00e4ttare sk\u00f6nhetsfel men inget som p\u00e5verkar funktionen. Det som syns p\u00e5 bilden ing\u00e5r.<\/p>\n","protected":false},"featured_media":5324,"template":"","meta":{"_acf_changed":false},"product_brand":[172],"product_cat":[169,50,28],"product_tag":[],"class_list":{"0":"post-4739","1":"product","2":"type-product","3":"status-publish","4":"has-post-thumbnail","6":"product_brand-neuero-farm-und-fordertechnik","7":"product_cat-fyndhorna","8":"product_cat-delar-till-avlastarbord-doserare","9":"product_cat-neuero-ensilage-utr","11":"first","12":"instock","13":"sale","14":"taxable","15":"shipping-taxable","16":"purchasable","17":"product-type-simple"},"acf":[],"_links":{"self":[{"href":"https:\/\/neuero.se\/fi\/wp-json\/wp\/v2\/product\/4739","targetHints":{"allow":["GET"]}}],"collection":[{"href":"https:\/\/neuero.se\/fi\/wp-json\/wp\/v2\/product"}],"about":[{"href":"https:\/\/neuero.se\/fi\/wp-json\/wp\/v2\/types\/product"}],"wp:featuredmedia":[{"embeddable":true,"href":"https:\/\/neuero.se\/fi\/wp-json\/wp\/v2\/media\/5324"}],"wp:attachment":[{"href":"https:\/\/neuero.se\/fi\/wp-json\/wp\/v2\/media?parent=4739"}],"wp:term":[{"taxonomy":"product_brand","embeddable":true,"href":"https:\/\/neuero.se\/fi\/wp-json\/wp\/v2\/product_brand?post=4739"},{"taxonomy":"product_cat","embeddable":true,"href":"https:\/\/neuero.se\/fi\/wp-json\/wp\/v2\/product_cat?post=4739"},{"taxonomy":"product_tag","embeddable":true,"href":"https:\/\/neuero.se\/fi\/wp-json\/wp\/v2\/product_tag?post=4739"}],"curies":[{"name":"wp","href":"https:\/\/api.w.org\/{rel}","templated":true}]}}