{"id":4717,"date":"2025-11-07T12:50:15","date_gmt":"2025-11-07T11:50:15","guid":{"rendered":"https:\/\/neuero.se\/?post_type=product&#038;p=4717"},"modified":"2026-03-02T15:43:08","modified_gmt":"2026-03-02T14:43:08","slug":"ombyggnadssats-for-ny-vaxellada","status":"publish","type":"product","link":"https:\/\/neuero.se\/fi\/tuote\/ombyggnadssats-for-ny-vaxellada\/","title":{"rendered":"Ombyggnadssats F\u00f6r Ny V\u00e4xell\u00e5da"},"content":{"rendered":"<p>Ombyggnadssats till NAS 1 och 2 n\u00e4r man byter fr\u00e5n v\u00e4xell\u00e5dan MVP86 till den nya W110.<\/p>\n<p>Kedjedrev s\u00e4ljes separat.<\/p>\n","protected":false},"excerpt":{"rendered":"<p>Ombyggnadssats till NAS 1 och 2 n\u00e4r man byter fr\u00e5n v\u00e4xell\u00e5dan MVP86 till den nya W110. Kedjedrev s\u00e4ljes separat.<\/p>\n","protected":false},"featured_media":4720,"template":"","meta":{"_acf_changed":false},"product_brand":[172],"product_cat":[149,104,147],"product_tag":[],"class_list":{"0":"post-4717","1":"product","2":"type-product","3":"status-publish","4":"has-post-thumbnail","6":"product_brand-neuero-farm-und-fordertechnik","7":"product_cat-fylltommare-fi","8":"product_cat-osat-nas-taytto-ja-tyhjennyskoneelle","9":"product_cat-neuero-ensilage-utr-fi","11":"first","12":"instock","13":"taxable","14":"shipping-taxable","15":"purchasable","16":"product-type-simple"},"acf":[],"_links":{"self":[{"href":"https:\/\/neuero.se\/fi\/wp-json\/wp\/v2\/product\/4717","targetHints":{"allow":["GET"]}}],"collection":[{"href":"https:\/\/neuero.se\/fi\/wp-json\/wp\/v2\/product"}],"about":[{"href":"https:\/\/neuero.se\/fi\/wp-json\/wp\/v2\/types\/product"}],"wp:featuredmedia":[{"embeddable":true,"href":"https:\/\/neuero.se\/fi\/wp-json\/wp\/v2\/media\/4720"}],"wp:attachment":[{"href":"https:\/\/neuero.se\/fi\/wp-json\/wp\/v2\/media?parent=4717"}],"wp:term":[{"taxonomy":"product_brand","embeddable":true,"href":"https:\/\/neuero.se\/fi\/wp-json\/wp\/v2\/product_brand?post=4717"},{"taxonomy":"product_cat","embeddable":true,"href":"https:\/\/neuero.se\/fi\/wp-json\/wp\/v2\/product_cat?post=4717"},{"taxonomy":"product_tag","embeddable":true,"href":"https:\/\/neuero.se\/fi\/wp-json\/wp\/v2\/product_tag?post=4717"}],"curies":[{"name":"wp","href":"https:\/\/api.w.org\/{rel}","templated":true}]}}