{"id":4472,"date":"2025-10-13T13:15:55","date_gmt":"2025-10-13T12:15:55","guid":{"rendered":"https:\/\/neuero.se\/?post_type=product&#038;p=4472"},"modified":"2026-04-01T16:03:25","modified_gmt":"2026-04-01T15:03:25","slug":"stallring-for-frashjul","status":"publish","type":"product","link":"https:\/\/neuero.se\/fi\/tuote\/stallring-for-frashjul\/","title":{"rendered":"St\u00e4llring f\u00f6r fr\u00e4shjul"},"content":{"rendered":"<p>Stoppskruv medf\u00f6ljer ej<\/p>\n","protected":false},"excerpt":{"rendered":"<p>Stoppskruv medf\u00f6ljer ej<\/p>\n","protected":false},"featured_media":4125,"template":"","meta":{"_acf_changed":false},"product_brand":[172],"product_cat":[30,31],"product_tag":[],"class_list":{"0":"post-4472","1":"product","2":"type-product","3":"status-publish","4":"has-post-thumbnail","6":"product_brand-neuero-farm-und-fordertechnik","7":"product_cat-delar-till-as-fylltommare","8":"product_cat-delar-till-nas-fylltommare","10":"first","11":"instock","12":"taxable","13":"shipping-taxable","14":"purchasable","15":"product-type-simple"},"acf":[],"_links":{"self":[{"href":"https:\/\/neuero.se\/fi\/wp-json\/wp\/v2\/product\/4472","targetHints":{"allow":["GET"]}}],"collection":[{"href":"https:\/\/neuero.se\/fi\/wp-json\/wp\/v2\/product"}],"about":[{"href":"https:\/\/neuero.se\/fi\/wp-json\/wp\/v2\/types\/product"}],"wp:featuredmedia":[{"embeddable":true,"href":"https:\/\/neuero.se\/fi\/wp-json\/wp\/v2\/media\/4125"}],"wp:attachment":[{"href":"https:\/\/neuero.se\/fi\/wp-json\/wp\/v2\/media?parent=4472"}],"wp:term":[{"taxonomy":"product_brand","embeddable":true,"href":"https:\/\/neuero.se\/fi\/wp-json\/wp\/v2\/product_brand?post=4472"},{"taxonomy":"product_cat","embeddable":true,"href":"https:\/\/neuero.se\/fi\/wp-json\/wp\/v2\/product_cat?post=4472"},{"taxonomy":"product_tag","embeddable":true,"href":"https:\/\/neuero.se\/fi\/wp-json\/wp\/v2\/product_tag?post=4472"}],"curies":[{"name":"wp","href":"https:\/\/api.w.org\/{rel}","templated":true}]}}