{"id":4459,"date":"2025-10-13T13:15:52","date_gmt":"2025-10-13T12:15:52","guid":{"rendered":"https:\/\/neuero.se\/?post_type=product&#038;p=4459"},"modified":"2026-03-11T17:34:41","modified_gmt":"2026-03-11T16:34:41","slug":"justeringsplat-till-strackare-24","status":"publish","type":"product","link":"https:\/\/neuero.se\/fi\/tuote\/justeringsplat-till-strackare-24\/","title":{"rendered":"Justeringspl\u00e5t till str\u00e4ckare 24&#8243;"},"content":{"rendered":"<p>Sitter bakom lagerh\u00e5llare p\u00e5 driv\u00e4nden.<\/p>\n<p>Passar bandbredd 24&#8243;<\/p>\n","protected":false},"excerpt":{"rendered":"<p>Sitter bakom lagerh\u00e5llare p\u00e5 driv\u00e4nden. Passar bandbredd 24&#8243;<\/p>\n","protected":false},"featured_media":4050,"template":"","meta":{"_acf_changed":false},"product_brand":[171],"product_cat":[66,34],"product_tag":[],"class_list":{"0":"post-4459","1":"product","2":"type-product","3":"status-publish","4":"has-post-thumbnail","6":"product_brand-valmetal","7":"product_cat-drivstationer","8":"product_cat-valmetal-delar","10":"first","11":"outofstock","12":"taxable","13":"shipping-taxable","14":"purchasable","15":"product-type-simple"},"acf":[],"_links":{"self":[{"href":"https:\/\/neuero.se\/fi\/wp-json\/wp\/v2\/product\/4459","targetHints":{"allow":["GET"]}}],"collection":[{"href":"https:\/\/neuero.se\/fi\/wp-json\/wp\/v2\/product"}],"about":[{"href":"https:\/\/neuero.se\/fi\/wp-json\/wp\/v2\/types\/product"}],"wp:featuredmedia":[{"embeddable":true,"href":"https:\/\/neuero.se\/fi\/wp-json\/wp\/v2\/media\/4050"}],"wp:attachment":[{"href":"https:\/\/neuero.se\/fi\/wp-json\/wp\/v2\/media?parent=4459"}],"wp:term":[{"taxonomy":"product_brand","embeddable":true,"href":"https:\/\/neuero.se\/fi\/wp-json\/wp\/v2\/product_brand?post=4459"},{"taxonomy":"product_cat","embeddable":true,"href":"https:\/\/neuero.se\/fi\/wp-json\/wp\/v2\/product_cat?post=4459"},{"taxonomy":"product_tag","embeddable":true,"href":"https:\/\/neuero.se\/fi\/wp-json\/wp\/v2\/product_tag?post=4459"}],"curies":[{"name":"wp","href":"https:\/\/api.w.org\/{rel}","templated":true}]}}